{"id":4885,"date":"2022-04-18T12:07:46","date_gmt":"2022-04-18T12:07:46","guid":{"rendered":"https:\/\/wolf-cap.com\/portugal\/"},"modified":"2024-12-17T10:55:46","modified_gmt":"2024-12-17T10:55:46","slug":"portugal","status":"publish","type":"page","link":"https:\/\/wolf-cap.com\/pt-pt\/portugal\/","title":{"rendered":"Portugal"},"content":{"rendered":"<section class=\"wpb-content-wrapper\"><p>[vc_row full_width=&#8221;stretch_row&#8221; content_placement=&#8221;top&#8221; tablets_pt=&#8221;padding-sm-60t&#8221; mobile_pt=&#8221;padding-xs-50t&#8221; css=&#8221;.vc_custom_1650329635542{background-color: #ece6e1 !important;}&#8221;][vc_column offset=&#8221;vc_col-lg-offset-0 vc_col-lg-12 vc_col-md-offset-0 vc_col-md-12 vc_col-sm-offset-0 vc_col-xs-12&#8243;][vc_headings title=&#8221;Porqu\u00ea Portugal?&#8221; subtitle=&#8221;WOLF CAPITAL&#8221; btn_style=&#8221;simple&#8221; enable_animated=&#8221;true&#8221;][\/vc_headings][\/vc_column][\/vc_row][vc_row full_width=&#8221;stretch_row&#8221; css=&#8221;.vc_custom_1650284742830{margin-top: 0px !important;padding-top: 0px !important;background-color: #ece6e1 !important;}&#8221;][vc_column css=&#8221;.vc_custom_1650281370076{margin-top: 0px !important;padding-top: 0px !important;}&#8221;][vc_banner_title img=&#8221;4227&#8243; el_class=&#8221;wolf&#8221; columns=&#8221;%5B%7B%7D%5D&#8221; css=&#8221;.vc_custom_1651597900152{margin-top: 0px !important;padding-top: 0px !important;}&#8221;][\/vc_banner_title][\/vc_column][\/vc_row][vc_row full_width=&#8221;stretch_row&#8221; content_placement=&#8221;top&#8221; css=&#8221;.vc_custom_1650284748386{background-color: #ece6e1 !important;}&#8221;][vc_column offset=&#8221;vc_col-lg-offset-0 vc_col-lg-12 vc_col-md-offset-0 vc_col-md-12 vc_col-sm-offset-0 vc_col-xs-12&#8243;][vc_headings title=&#8221;Portugal \u00e9 a resposta de quem procura oportunidades de investimento e um estilo de vida mais desej\u00e1vel&#8221; heading_size=&#8221;h3&#8243; subtitle=&#8221;CLIMA, PRAIAS E NATUREZA&#8221; el_class=&#8221;heading-0 text-left-md&#8221; btn_style=&#8221;simple&#8221; enable_animated=&#8221;true&#8221;]Eleito Melhor Destino do Mundo e Melhor Destino para Viver, Portugal tornou-se uma escolha atrativa para diversos emigrantes. As suas praias encantadoras, a culin\u00e1ria deliciosa, os pre\u00e7os acess\u00edveis e os moradores amig\u00e1veis s\u00e3o apenas algumas das raz\u00f5es pelas quais a comunidade estrangeira continua a escolher Portugal. Vamos explorar porqu\u00ea.[\/vc_headings][\/vc_column][\/vc_row][vc_row full_width=&#8221;stretch_row&#8221; content_placement=&#8221;top&#8221; css=&#8221;.vc_custom_1650284748386{background-color: #ece6e1 !important;}&#8221;][vc_column offset=&#8221;vc_col-lg-offset-0 vc_col-lg-12 vc_col-md-offset-0 vc_col-md-12 vc_col-sm-offset-0 vc_col-xs-12&#8243;][vc_headings title=&#8221;Lisboa fica a apenas 2-3 horas de viagem das principais capitais europeias&#8221; heading_size=&#8221;h3&#8243; el_class=&#8221;heading-0 text-left-md&#8221; btn_style=&#8221;simple&#8221; enable_animated=&#8221;true&#8221;]Portugal tem voos directos para a Am\u00e9rica do Sul, Am\u00e9rica do Norte, \u00c1frica e o resto da Europa, tornando-se um destino muito atrativo para um turista ou potencial residente. Para al\u00e9m disso, Lisboa \u00e9 uma das \u00fanicas capitais com o aeroporto a poucos minutos do centro da cidade, poupando \u00e0s pessoas um valioso tempo de desloca\u00e7\u00e3o. A seguran\u00e7a, os incentivos fiscais e a sua localiza\u00e7\u00e3o estrat\u00e9gica s\u00e3o algumas das principais raz\u00f5es pelas quais grandes empresas, como o Google ou a Mercedes-Benz, optaram por transferir parte das suas opera\u00e7\u00f5es focadas em tecnologia para Portugal.[\/vc_headings][\/vc_column][\/vc_row][vc_row full_width=&#8221;stretch_row&#8221; desctop_pt=&#8221;padding-lg-40t&#8221; tablets_pt=&#8221;padding-sm-40t&#8221; mobile_pt=&#8221;padding-xs-20t&#8221; css=&#8221;.vc_custom_1650286190411{background-color: #ece6e1 !important;}&#8221;][vc_column css=&#8221;.vc_custom_1650281370076{margin-top: 0px !important;padding-top: 0px !important;}&#8221;][vc_banner_title img=&#8221;4226&#8243; el_class=&#8221;wolf&#8221; columns=&#8221;%5B%7B%7D%5D&#8221;][\/vc_banner_title][\/vc_column][\/vc_row][vc_row full_width=&#8221;stretch_row&#8221; content_placement=&#8221;top&#8221; css=&#8221;.vc_custom_1650284748386{background-color: #ece6e1 !important;}&#8221;][vc_column offset=&#8221;vc_col-lg-offset-0 vc_col-lg-12 vc_col-md-offset-0 vc_col-md-12 vc_col-sm-offset-0 vc_col-xs-12&#8243;][vc_headings title=&#8221;Um Crescente Hub Tecnol\u00f3gico &amp; Para\u00edso Remoto&#8221; heading_size=&#8221;h3&#8243; el_class=&#8221;heading-0 text-left-md&#8221; btn_style=&#8221;simple&#8221; enable_animated=&#8221;true&#8221;]Quem n\u00e3o gosta de pegar numa prancha de surf e ir \u00e0 praia para uma sess\u00e3o de surf \u00e0 hora do almo\u00e7o? Ou de um ref\u00fagio no campo para se desconectar das tens\u00f5es do dia a dia?<\/p>\n<p>\u00c9 exatamente isso que milhares de empreendedores de tecnologia e trabalhadores remotos procuram quando se mudam para Portugal. Com uma m\u00e9dia de 300 dias de sol por ano, os empreendedores acham extremamente satisfat\u00f3rio poder finalmente alcan\u00e7ar um equil\u00edbrio entre a vida profissional e pessoal. Algo que eles sentem falta em s\u00edtios como Berlim, Londres ou Silicon Valley.<\/p>\n<p>Al\u00e9m disso, Lisboa foi o local escolhido para muitas start-ups estabelecerem a sua base operacional e tecnol\u00f3gica com v\u00e1rias das maiores confer\u00eancias empresariais e tecnol\u00f3gicas do mundo, como a Web Summit.[\/vc_headings][\/vc_column][\/vc_row][vc_row full_width=&#8221;stretch_row&#8221; content_placement=&#8221;top&#8221; css=&#8221;.vc_custom_1650284748386{background-color: #ece6e1 !important;}&#8221;][vc_column offset=&#8221;vc_col-lg-offset-0 vc_col-lg-12 vc_col-md-offset-0 vc_col-md-12 vc_col-sm-offset-0 vc_col-xs-12&#8243;][vc_headings title=&#8221;Lisboa &amp; Porto: A Simbiose entre a Cultura e a Novidade&#8221; heading_size=&#8221;h3&#8243; el_class=&#8221;heading-0 text-left-md&#8221; btn_style=&#8221;simple&#8221; enable_animated=&#8221;true&#8221;]Portugal \u00e9 um dos pa\u00edses mais antigos do mundo. No entanto, na \u00faltima d\u00e9cada, os centros das suas principais cidades, Lisboa e Porto, foram alvos de grandes reformas e desenvolvimentos.<\/p>\n<p>Hoje, ambas as cidades s\u00e3o vibrantes, oferecendo uma qualidade de vida inigual\u00e1vel refletida no seu com\u00e9rcio fluorescente, ofertas residenciais, e na proximidade do mar e de parques. Como tal, n\u00e3o \u00e9 surpreendente ver estrangeiros a visitar Lisboa ou o Porto, \u00e0 experi\u00eancia, apenas para se debaterem com o motivo pelo qual n\u00e3o se mudaram para c\u00e1 antes.<\/p>\n<p>Como promotores imobili\u00e1rios em Portugal, estamos ativamente atentos \u00e0s tend\u00eancias do mercado. Acreditamos que, embora o pa\u00eds se tenha desenvolvido muito na \u00faltima d\u00e9cada, ainda h\u00e1 muitas oportunidades por explorar. O nosso projeto em desenvolvimento na Ba\u00eda do Montijo, do outro lado do rio Tejo, em frente a Lisboa, \u00e9 um exemplo disso.[\/vc_headings][vc_row_inner][vc_column_inner][vc_headings button=&#8221;url:https%3A%2F%2Fwolf-cap.com%2Fprojects-and-property-developments%2F|title:DESCUBRA%20MAIS%20SOBRE%20OS%20NOSSOS%20PROJETOS&#8221; btn_style=&#8221;arrow-right&#8221;][\/vc_headings][\/vc_column_inner][\/vc_row_inner][\/vc_column][\/vc_row][vc_row full_width=&#8221;stretch_row&#8221; content_placement=&#8221;top&#8221; css=&#8221;.vc_custom_1650284748386{background-color: #ece6e1 !important;}&#8221;][vc_column offset=&#8221;vc_col-lg-offset-0 vc_col-lg-12 vc_col-md-offset-0 vc_col-md-12 vc_col-sm-offset-0 vc_col-xs-12&#8243;][vc_row_inner][vc_column_inner][vc_empty_space][\/vc_column_inner][\/vc_row_inner][\/vc_column][\/vc_row][vc_section full_width=&#8221;stretch_row&#8221; css=&#8221;.vc_custom_1734367358060{padding-top: 75px !important;padding-bottom: 75px !important;background-color: #2c373a !important;}&#8221; el_class=&#8221;footer-final&#8221;][vc_row][vc_column][vc_single_image image=&#8221;4396&#8243; img_size=&#8221;50&#215;48&#8243; css=&#8221;.vc_custom_1734363016110{margin-bottom: 20px !important;}&#8221;][\/vc_column][\/vc_row][vc_row][vc_column width=&#8221;1\/4&#8243;][vc_column_text el_class=&#8221;footer-info-block-content-cols&#8221;]<a href=\"https:\/\/goo.gl\/maps\/xP9ttxM9rMdACVKX9\" target=\"_blank\" rel=\"noopener\">Rua Visconde da Luz n\u02da 13<br \/>\n2\u02da Andar 2750-425<br \/>\nCascais, Portugal<\/a><\/p>\n<p><a href=\"https:\/\/maps.app.goo.gl\/YgmaHkHq1tGddU6k6\" target=\"_blank\" rel=\"noopener\">Carretera Nacional 340, S\/N, Km 175<br \/>\nMarbella, Spain \u2013 28034<\/a>[\/vc_column_text][\/vc_column][vc_column width=&#8221;1\/4&#8243; mobile_mt=&#8221;margin-xs-40t&#8221;][vc_column_text el_class=&#8221;footer-info-block-content-cols&#8221;]<a href=\"https:\/\/wolf-cap.com\/\">In\u00edcio<\/a><br \/>\n<a href=\"https:\/\/wolf-cap.com\/pt-pt\/quem-somos\/\">Quem Somos<\/a><br \/>\n<a href=\"https:\/\/wolf-cap.com\/pt-pt\/wolf-capital-contactos\/\">Contactos<\/a>[\/vc_column_text][\/vc_column][vc_column width=&#8221;1\/4&#8243;][vc_column_text el_class=&#8221;footer-info-block-content-cols&#8221;]<a href=\"https:\/\/wolf-cap.com\/pt-pt\/projetos\/\">Projetos<\/a><br \/>\n<a href=\"https:\/\/wolf-cap.com\/pt-pt\/agricultura\/\">Agricultura<\/a><br \/>\n<a href=\"https:\/\/wolf-cap.com\/pt-pt\/wolf-capital-hotelaria\/\">Hotelaria<\/a><br \/>\n<a href=\"https:\/\/wolf-cap.com\/pt-pt\/wolf-capital-arrendamentos\/\">Arrendamentos<\/a>[\/vc_column_text][\/vc_column][vc_column width=&#8221;1\/4&#8243; mobile_mt=&#8221;margin-xs-40t&#8221;][vc_column_text el_class=&#8221;footer-info-block-content-cols&#8221;]<a href=\"tel:+351 211 627 777\">+351 211 627 777<\/a><br \/>\n<a href=\"tel:+34 951 240 361\">+34 951 240 361<\/a><br \/>\n<a href=\"mailto:info@wolf-cap.com\" target=\"_blank\" rel=\"noopener\">info@wolf-cap.com<\/a>[\/vc_column_text][vc_column_text]<\/p>\n<ul class=\"social-content\">\n<li><a href=\"https:\/\/www.instagram.com\/wolfcapital___\" target=\"_blank\" rel=\"noopener\"><br \/>\n<i class=\"fa fa-instagram\" aria-hidden=\"true\"><\/i><br \/>\n<\/a><\/li>\n<li><a href=\"https:\/\/www.linkedin.com\/company\/wolf-land-capital\/\" target=\"_blank\" rel=\"noopener\"><br \/>\n<i class=\"fa fa-linkedin\" aria-hidden=\"true\"><\/i><br \/>\n<\/a><\/li>\n<\/ul>\n<p>[\/vc_column_text][\/vc_column][\/vc_row][\/vc_section]<\/p>\n<\/section>","protected":false},"excerpt":{"rendered":"<p>[vc_row full_width=&#8221;stretch_row&#8221; content_placement=&#8221;top&#8221; tablets_pt=&#8221;padding-sm-60t&#8221; mobile_pt=&#8221;padding-xs-50t&#8221; css=&#8221;.vc_custom_1650329635542{background-color: #ece6e1 !important;}&#8221;][vc_column offset=&#8221;vc_col-lg-offset-0 vc_col-lg-12 vc_col-md-offset-0 vc_col-md-12 vc_col-sm-offset-0 vc_col-xs-12&#8243;][vc_headings title=&#8221;Porqu\u00ea Portugal?&#8221; subtitle=&#8221;WOLF CAPITAL&#8221; btn_style=&#8221;simple&#8221; enable_animated=&#8221;true&#8221;][\/vc_headings][\/vc_column][\/vc_row][vc_row<\/p>\n","protected":false},"author":1,"featured_media":0,"parent":0,"menu_order":0,"comment_status":"closed","ping_status":"closed","template":"","meta":{"inline_featured_image":false,"footnotes":""},"class_list":["post-4885","page","type-page","status-publish","hentry"],"yoast_head":"<!-- This site is optimized with the Yoast SEO plugin v20.6 - https:\/\/yoast.com\/wordpress\/plugins\/seo\/ -->\n<title>Portugal - Wolf Capital<\/title>\n<meta name=\"description\" content=\"Portugal is in everyone&#039;s radar. Discover why entrepreneurs, investors and global companies have move here.\" \/>\n<meta name=\"robots\" content=\"index, follow, max-snippet:-1, max-image-preview:large, max-video-preview:-1\" \/>\n<link rel=\"canonical\" href=\"https:\/\/wolf-cap.com\/pt-pt\/portugal\/\" \/>\n<meta property=\"og:locale\" content=\"pt_PT\" \/>\n<meta property=\"og:type\" content=\"article\" \/>\n<meta property=\"og:title\" content=\"Portugal - Wolf Capital\" \/>\n<meta property=\"og:description\" content=\"Portugal is in everyone&#039;s radar. Discover why entrepreneurs, investors and global companies have move here.\" \/>\n<meta property=\"og:url\" content=\"https:\/\/wolf-cap.com\/pt-pt\/portugal\/\" \/>\n<meta property=\"og:site_name\" content=\"Wolf Capital\" \/>\n<meta property=\"article:modified_time\" content=\"2024-12-17T10:55:46+00:00\" \/>\n<meta property=\"og:image\" content=\"https:\/\/wolf-cap.com\/wp-content\/uploads\/2022\/04\/Sharing_Logo_Wolf_Capital.jpg\" \/>\n\t<meta property=\"og:image:width\" content=\"1317\" \/>\n\t<meta property=\"og:image:height\" content=\"843\" \/>\n\t<meta property=\"og:image:type\" content=\"image\/jpeg\" \/>\n<meta name=\"twitter:card\" content=\"summary_large_image\" \/>\n<meta name=\"twitter:label1\" content=\"Tempo estimado de leitura\" \/>\n\t<meta name=\"twitter:data1\" content=\"3 minutos\" \/>\n<script type=\"application\/ld+json\" class=\"yoast-schema-graph\">{\"@context\":\"https:\/\/schema.org\",\"@graph\":[{\"@type\":\"WebPage\",\"@id\":\"https:\/\/wolf-cap.com\/pt-pt\/portugal\/\",\"url\":\"https:\/\/wolf-cap.com\/pt-pt\/portugal\/\",\"name\":\"Portugal - Wolf Capital\",\"isPartOf\":{\"@id\":\"https:\/\/wolf-cap.com\/#website\"},\"datePublished\":\"2022-04-18T12:07:46+00:00\",\"dateModified\":\"2024-12-17T10:55:46+00:00\",\"description\":\"Portugal is in everyone's radar. Discover why entrepreneurs, investors and global companies have move here.\",\"breadcrumb\":{\"@id\":\"https:\/\/wolf-cap.com\/pt-pt\/portugal\/#breadcrumb\"},\"inLanguage\":\"pt-PT\",\"potentialAction\":[{\"@type\":\"ReadAction\",\"target\":[\"https:\/\/wolf-cap.com\/pt-pt\/portugal\/\"]}]},{\"@type\":\"BreadcrumbList\",\"@id\":\"https:\/\/wolf-cap.com\/pt-pt\/portugal\/#breadcrumb\",\"itemListElement\":[{\"@type\":\"ListItem\",\"position\":1,\"name\":\"Home\",\"item\":\"https:\/\/wolf-cap.com\/pt-pt\/\"},{\"@type\":\"ListItem\",\"position\":2,\"name\":\"Portugal\"}]},{\"@type\":\"WebSite\",\"@id\":\"https:\/\/wolf-cap.com\/#website\",\"url\":\"https:\/\/wolf-cap.com\/\",\"name\":\"Wolf Capital\",\"description\":\"Boutique Property Developers\",\"publisher\":{\"@id\":\"https:\/\/wolf-cap.com\/#organization\"},\"potentialAction\":[{\"@type\":\"SearchAction\",\"target\":{\"@type\":\"EntryPoint\",\"urlTemplate\":\"https:\/\/wolf-cap.com\/?s={search_term_string}\"},\"query-input\":\"required name=search_term_string\"}],\"inLanguage\":\"pt-PT\"},{\"@type\":\"Organization\",\"@id\":\"https:\/\/wolf-cap.com\/#organization\",\"name\":\"Wolf Capital\",\"url\":\"https:\/\/wolf-cap.com\/\",\"logo\":{\"@type\":\"ImageObject\",\"inLanguage\":\"pt-PT\",\"@id\":\"https:\/\/wolf-cap.com\/#\/schema\/logo\/image\/\",\"url\":\"https:\/\/wolf-cap.com\/wp-content\/uploads\/2022\/04\/logo_wolf_capital_big.jpg\",\"contentUrl\":\"https:\/\/wolf-cap.com\/wp-content\/uploads\/2022\/04\/logo_wolf_capital_big.jpg\",\"width\":401,\"height\":257,\"caption\":\"Wolf Capital\"},\"image\":{\"@id\":\"https:\/\/wolf-cap.com\/#\/schema\/logo\/image\/\"},\"sameAs\":[\"https:\/\/www.instagram.com\/wolf_land_capital\/?hl=sk\",\"https:\/\/www.linkedin.com\/company\/wolf-land-capital\/\"]}]}<\/script>\n<!-- \/ Yoast SEO plugin. -->","yoast_head_json":{"title":"Portugal - Wolf Capital","description":"Portugal is in everyone's radar. Discover why entrepreneurs, investors and global companies have move here.","robots":{"index":"index","follow":"follow","max-snippet":"max-snippet:-1","max-image-preview":"max-image-preview:large","max-video-preview":"max-video-preview:-1"},"canonical":"https:\/\/wolf-cap.com\/pt-pt\/portugal\/","og_locale":"pt_PT","og_type":"article","og_title":"Portugal - Wolf Capital","og_description":"Portugal is in everyone's radar. Discover why entrepreneurs, investors and global companies have move here.","og_url":"https:\/\/wolf-cap.com\/pt-pt\/portugal\/","og_site_name":"Wolf Capital","article_modified_time":"2024-12-17T10:55:46+00:00","og_image":[{"width":1317,"height":843,"url":"https:\/\/wolf-cap.com\/wp-content\/uploads\/2022\/04\/Sharing_Logo_Wolf_Capital.jpg","type":"image\/jpeg"}],"twitter_card":"summary_large_image","twitter_misc":{"Tempo estimado de leitura":"3 minutos"},"schema":{"@context":"https:\/\/schema.org","@graph":[{"@type":"WebPage","@id":"https:\/\/wolf-cap.com\/pt-pt\/portugal\/","url":"https:\/\/wolf-cap.com\/pt-pt\/portugal\/","name":"Portugal - Wolf Capital","isPartOf":{"@id":"https:\/\/wolf-cap.com\/#website"},"datePublished":"2022-04-18T12:07:46+00:00","dateModified":"2024-12-17T10:55:46+00:00","description":"Portugal is in everyone's radar. Discover why entrepreneurs, investors and global companies have move here.","breadcrumb":{"@id":"https:\/\/wolf-cap.com\/pt-pt\/portugal\/#breadcrumb"},"inLanguage":"pt-PT","potentialAction":[{"@type":"ReadAction","target":["https:\/\/wolf-cap.com\/pt-pt\/portugal\/"]}]},{"@type":"BreadcrumbList","@id":"https:\/\/wolf-cap.com\/pt-pt\/portugal\/#breadcrumb","itemListElement":[{"@type":"ListItem","position":1,"name":"Home","item":"https:\/\/wolf-cap.com\/pt-pt\/"},{"@type":"ListItem","position":2,"name":"Portugal"}]},{"@type":"WebSite","@id":"https:\/\/wolf-cap.com\/#website","url":"https:\/\/wolf-cap.com\/","name":"Wolf Capital","description":"Boutique Property Developers","publisher":{"@id":"https:\/\/wolf-cap.com\/#organization"},"potentialAction":[{"@type":"SearchAction","target":{"@type":"EntryPoint","urlTemplate":"https:\/\/wolf-cap.com\/?s={search_term_string}"},"query-input":"required name=search_term_string"}],"inLanguage":"pt-PT"},{"@type":"Organization","@id":"https:\/\/wolf-cap.com\/#organization","name":"Wolf Capital","url":"https:\/\/wolf-cap.com\/","logo":{"@type":"ImageObject","inLanguage":"pt-PT","@id":"https:\/\/wolf-cap.com\/#\/schema\/logo\/image\/","url":"https:\/\/wolf-cap.com\/wp-content\/uploads\/2022\/04\/logo_wolf_capital_big.jpg","contentUrl":"https:\/\/wolf-cap.com\/wp-content\/uploads\/2022\/04\/logo_wolf_capital_big.jpg","width":401,"height":257,"caption":"Wolf Capital"},"image":{"@id":"https:\/\/wolf-cap.com\/#\/schema\/logo\/image\/"},"sameAs":["https:\/\/www.instagram.com\/wolf_land_capital\/?hl=sk","https:\/\/www.linkedin.com\/company\/wolf-land-capital\/"]}]}},"featured_image_src":null,"featured_image_src_square":null,"_links":{"self":[{"href":"https:\/\/wolf-cap.com\/pt-pt\/wp-json\/wp\/v2\/pages\/4885","targetHints":{"allow":["GET"]}}],"collection":[{"href":"https:\/\/wolf-cap.com\/pt-pt\/wp-json\/wp\/v2\/pages"}],"about":[{"href":"https:\/\/wolf-cap.com\/pt-pt\/wp-json\/wp\/v2\/types\/page"}],"author":[{"embeddable":true,"href":"https:\/\/wolf-cap.com\/pt-pt\/wp-json\/wp\/v2\/users\/1"}],"replies":[{"embeddable":true,"href":"https:\/\/wolf-cap.com\/pt-pt\/wp-json\/wp\/v2\/comments?post=4885"}],"version-history":[{"count":2,"href":"https:\/\/wolf-cap.com\/pt-pt\/wp-json\/wp\/v2\/pages\/4885\/revisions"}],"predecessor-version":[{"id":5269,"href":"https:\/\/wolf-cap.com\/pt-pt\/wp-json\/wp\/v2\/pages\/4885\/revisions\/5269"}],"wp:attachment":[{"href":"https:\/\/wolf-cap.com\/pt-pt\/wp-json\/wp\/v2\/media?parent=4885"}],"curies":[{"name":"wp","href":"https:\/\/api.w.org\/{rel}","templated":true}]}}