{"id":4883,"date":"2022-04-17T11:43:11","date_gmt":"2022-04-17T11:43:11","guid":{"rendered":"https:\/\/wolf-cap.com\/hotelaria\/"},"modified":"2024-12-17T10:55:03","modified_gmt":"2024-12-17T10:55:03","slug":"wolf-capital-hotelaria","status":"publish","type":"page","link":"https:\/\/wolf-cap.com\/pt-pt\/wolf-capital-hotelaria\/","title":{"rendered":"Hotelaria"},"content":{"rendered":"<section class=\"wpb-content-wrapper\"><p>[vc_row full_width=&#8221;stretch_row_content_no_spaces&#8221;][vc_column][vc_banner_title style=&#8221;big&#8221; color_style=&#8221;light&#8221; img=&#8221;3279&#8243; style_button=&#8221;creative&#8221; enable_fullheight=&#8221;true&#8221; columns=&#8221;%5B%7B%7D%5D&#8221;][\/vc_banner_title][\/vc_column][\/vc_row][vc_row full_width=&#8221;stretch_row&#8221; desctop_pb=&#8221;padding-lg-50b&#8221; css=&#8221;.vc_custom_1649940870036{background-color: #ece6e1 !important;}&#8221;][vc_column offset=&#8221;vc_col-md-offset-0&#8243;][vc_headings title=&#8221;Hotelaria&#8221; subtitle=&#8221;WOLF CAPITAL&#8221; align=&#8221;Center&#8221; el_class=&#8221;wolf-50&#8243; btn_style=&#8221;creative&#8221;]Ap\u00f3s d\u00e9cadas de desenvolvimento de projetos arquitet\u00f3nicos e uma m\u00e3o cheia de viagens, sentimo-nos compelidos a compartilhar alguns dos nossos lugares com viajantes modernos. Para n\u00f3s, viajar \u00e9 mais do que \u201cabandonar a casa, por um determinado per\u00edodo de tempo\u201d. Visamos criar oportunidades para desenvolver uma sensa\u00e7\u00e3o de casa, mesmo dentro do desconhecido, para todos os viajantes com que nos cruzamos.[\/vc_headings][\/vc_column][\/vc_row][vc_row full_width=&#8221;stretch_row&#8221; desctop_pt=&#8221;padding-lg-20t&#8221; desctop_pb=&#8221;padding-lg-95b&#8221; css=&#8221;.vc_custom_1650328288585{background-color: #ece6e1 !important;}&#8221;][vc_column width=&#8221;1\/2&#8243;][vc_single_image image=&#8221;3277&#8243; img_size=&#8221;full&#8221;][\/vc_column][vc_column width=&#8221;1\/2&#8243; offset=&#8221;vc_col-lg-offset-1 vc_col-lg-5 vc_col-md-offset-1 vc_col-md-5 vc_col-sm-offset-0 vc_col-xs-12&#8243;][vc_headings title=&#8221;Archi Pelago&#8221; heading_size=&#8221;h3&#8243; subtitle=&#8221;ARRENDAMENTOS DE CURTO PRAZO&#8221; align=&#8221;Right&#8221; el_class=&#8221;wolf-btn&#8221; button=&#8221;url:https%3A%2F%2Farchi-pelago.pt%2F|title:LER%20MAIS|target:_blank&#8221; btn_style=&#8221;arrow-right&#8221; color_button=&#8221;dark&#8221;]O Archi Pelego \u00e9 uma cole\u00e7\u00e3o de propriedades de arrendamento de curto prazo que visa proporcionar experi\u00eancias marcantes e singulares ao viajante moderno. Entre pontos hist\u00f3ricos no centro da cidade, ou ref\u00fagios no meio da natureza, o Archi Pelego disp\u00f5e de um conjunto de locais ic\u00f3nicos cuidadosamente selecionados e desenvolvidos.[\/vc_headings][\/vc_column][\/vc_row][vc_section full_width=&#8221;stretch_row&#8221; css=&#8221;.vc_custom_1734367275590{padding-top: 75px !important;padding-bottom: 75px !important;background-color: #2c373a !important;}&#8221; el_class=&#8221;footer-final&#8221;][vc_row][vc_column][vc_single_image image=&#8221;4396&#8243; img_size=&#8221;50&#215;48&#8243; css=&#8221;.vc_custom_1734363016110{margin-bottom: 20px !important;}&#8221;][\/vc_column][\/vc_row][vc_row][vc_column width=&#8221;1\/4&#8243;][vc_column_text el_class=&#8221;footer-info-block-content-cols&#8221;]<a href=\"https:\/\/goo.gl\/maps\/xP9ttxM9rMdACVKX9\" target=\"_blank\" rel=\"noopener\">Rua Visconde da Luz n\u02da 13<br \/>\n2\u02da Andar 2750-425<br \/>\nCascais, Portugal<\/a><\/p>\n<p><a href=\"https:\/\/maps.app.goo.gl\/YgmaHkHq1tGddU6k6\" target=\"_blank\" rel=\"noopener\">Carretera Nacional 340, S\/N, Km 175<br \/>\nMarbella, Spain \u2013 28034<\/a>[\/vc_column_text][\/vc_column][vc_column width=&#8221;1\/4&#8243; mobile_mt=&#8221;margin-xs-40t&#8221;][vc_column_text el_class=&#8221;footer-info-block-content-cols&#8221;]<a href=\"https:\/\/wolf-cap.com\/\">In\u00edcio<\/a><br \/>\n<a href=\"https:\/\/wolf-cap.com\/pt-pt\/quem-somos\/\">Quem Somos<\/a><br \/>\n<a href=\"https:\/\/wolf-cap.com\/pt-pt\/wolf-capital-contactos\/\">Contactos<\/a>[\/vc_column_text][\/vc_column][vc_column width=&#8221;1\/4&#8243;][vc_column_text el_class=&#8221;footer-info-block-content-cols&#8221;]<a href=\"https:\/\/wolf-cap.com\/pt-pt\/projetos\/\">Projetos<\/a><br \/>\n<a href=\"https:\/\/wolf-cap.com\/pt-pt\/agricultura\/\">Agricultura<\/a><br \/>\n<a href=\"https:\/\/wolf-cap.com\/pt-pt\/wolf-capital-hotelaria\/\">Hotelaria<\/a><br \/>\n<a href=\"https:\/\/wolf-cap.com\/pt-pt\/wolf-capital-arrendamentos\/\">Arrendamentos<\/a>[\/vc_column_text][\/vc_column][vc_column width=&#8221;1\/4&#8243; mobile_mt=&#8221;margin-xs-40t&#8221;][vc_column_text el_class=&#8221;footer-info-block-content-cols&#8221;]<a href=\"tel:+351 211 627 777\">+351 211 627 777<\/a><br \/>\n<a href=\"tel:+34 951 240 361\">+34 951 240 361<\/a><br \/>\n<a href=\"mailto:info@wolf-cap.com\" target=\"_blank\" rel=\"noopener\">info@wolf-cap.com<\/a>[\/vc_column_text][vc_column_text]<\/p>\n<ul class=\"social-content\">\n<li><a href=\"https:\/\/www.instagram.com\/wolfcapital___\" target=\"_blank\" rel=\"noopener\"><br \/>\n<i class=\"fa fa-instagram\" aria-hidden=\"true\"><\/i><br \/>\n<\/a><\/li>\n<li><a href=\"https:\/\/www.linkedin.com\/company\/wolf-land-capital\/\" target=\"_blank\" rel=\"noopener\"><br \/>\n<i class=\"fa fa-linkedin\" aria-hidden=\"true\"><\/i><br \/>\n<\/a><\/li>\n<\/ul>\n<p>[\/vc_column_text][\/vc_column][\/vc_row][\/vc_section]<\/p>\n<\/section>","protected":false},"excerpt":{"rendered":"<p>[vc_row full_width=&#8221;stretch_row_content_no_spaces&#8221;][vc_column][vc_banner_title style=&#8221;big&#8221; color_style=&#8221;light&#8221; img=&#8221;3279&#8243; style_button=&#8221;creative&#8221; enable_fullheight=&#8221;true&#8221; columns=&#8221;%5B%7B%7D%5D&#8221;][\/vc_banner_title][\/vc_column][\/vc_row][vc_row full_width=&#8221;stretch_row&#8221; desctop_pb=&#8221;padding-lg-50b&#8221; css=&#8221;.vc_custom_1649940870036{background-color: #ece6e1 !important;}&#8221;][vc_column offset=&#8221;vc_col-md-offset-0&#8243;][vc_headings title=&#8221;Hotelaria&#8221; subtitle=&#8221;WOLF CAPITAL&#8221; align=&#8221;Center&#8221; el_class=&#8221;wolf-50&#8243; btn_style=&#8221;creative&#8221;]Ap\u00f3s<\/p>\n","protected":false},"author":1,"featured_media":0,"parent":0,"menu_order":0,"comment_status":"closed","ping_status":"closed","template":"","meta":{"inline_featured_image":false,"footnotes":""},"class_list":["post-4883","page","type-page","status-publish","hentry"],"yoast_head":"<!-- This site is optimized with the Yoast SEO plugin v20.6 - https:\/\/yoast.com\/wordpress\/plugins\/seo\/ -->\n<title>Hotelaria - Wolf Capital<\/title>\n<meta name=\"description\" content=\"Wolf Capital Hospitality. Short-term rental properties in Portugal situated in iconic locations for the modern traveler.\" \/>\n<meta name=\"robots\" content=\"index, follow, max-snippet:-1, max-image-preview:large, max-video-preview:-1\" \/>\n<link rel=\"canonical\" href=\"https:\/\/wolf-cap.com\/pt-pt\/wolf-capital-hotelaria\/\" \/>\n<meta property=\"og:locale\" content=\"pt_PT\" \/>\n<meta property=\"og:type\" content=\"article\" \/>\n<meta property=\"og:title\" content=\"Hotelaria - Wolf Capital\" \/>\n<meta property=\"og:description\" content=\"Wolf Capital Hospitality. Short-term rental properties in Portugal situated in iconic locations for the modern traveler.\" \/>\n<meta property=\"og:url\" content=\"https:\/\/wolf-cap.com\/pt-pt\/wolf-capital-hotelaria\/\" \/>\n<meta property=\"og:site_name\" content=\"Wolf Capital\" \/>\n<meta property=\"article:modified_time\" content=\"2024-12-17T10:55:03+00:00\" \/>\n<meta property=\"og:image\" content=\"https:\/\/wolf-cap.com\/wp-content\/uploads\/2022\/04\/Sharing_Logo_Wolf_Capital.jpg\" \/>\n\t<meta property=\"og:image:width\" content=\"1317\" \/>\n\t<meta property=\"og:image:height\" content=\"843\" \/>\n\t<meta property=\"og:image:type\" content=\"image\/jpeg\" \/>\n<meta name=\"twitter:card\" content=\"summary_large_image\" \/>\n<meta name=\"twitter:label1\" content=\"Tempo estimado de leitura\" \/>\n\t<meta name=\"twitter:data1\" content=\"1 minuto\" \/>\n<script type=\"application\/ld+json\" class=\"yoast-schema-graph\">{\"@context\":\"https:\/\/schema.org\",\"@graph\":[{\"@type\":\"WebPage\",\"@id\":\"https:\/\/wolf-cap.com\/pt-pt\/wolf-capital-hotelaria\/\",\"url\":\"https:\/\/wolf-cap.com\/pt-pt\/wolf-capital-hotelaria\/\",\"name\":\"Hotelaria - Wolf Capital\",\"isPartOf\":{\"@id\":\"https:\/\/wolf-cap.com\/#website\"},\"datePublished\":\"2022-04-17T11:43:11+00:00\",\"dateModified\":\"2024-12-17T10:55:03+00:00\",\"description\":\"Wolf Capital Hospitality. Short-term rental properties in Portugal situated in iconic locations for the modern traveler.\",\"breadcrumb\":{\"@id\":\"https:\/\/wolf-cap.com\/pt-pt\/wolf-capital-hotelaria\/#breadcrumb\"},\"inLanguage\":\"pt-PT\",\"potentialAction\":[{\"@type\":\"ReadAction\",\"target\":[\"https:\/\/wolf-cap.com\/pt-pt\/wolf-capital-hotelaria\/\"]}]},{\"@type\":\"BreadcrumbList\",\"@id\":\"https:\/\/wolf-cap.com\/pt-pt\/wolf-capital-hotelaria\/#breadcrumb\",\"itemListElement\":[{\"@type\":\"ListItem\",\"position\":1,\"name\":\"Home\",\"item\":\"https:\/\/wolf-cap.com\/pt-pt\/\"},{\"@type\":\"ListItem\",\"position\":2,\"name\":\"Hotelaria\"}]},{\"@type\":\"WebSite\",\"@id\":\"https:\/\/wolf-cap.com\/#website\",\"url\":\"https:\/\/wolf-cap.com\/\",\"name\":\"Wolf Capital\",\"description\":\"Boutique Property Developers\",\"publisher\":{\"@id\":\"https:\/\/wolf-cap.com\/#organization\"},\"potentialAction\":[{\"@type\":\"SearchAction\",\"target\":{\"@type\":\"EntryPoint\",\"urlTemplate\":\"https:\/\/wolf-cap.com\/?s={search_term_string}\"},\"query-input\":\"required name=search_term_string\"}],\"inLanguage\":\"pt-PT\"},{\"@type\":\"Organization\",\"@id\":\"https:\/\/wolf-cap.com\/#organization\",\"name\":\"Wolf Capital\",\"url\":\"https:\/\/wolf-cap.com\/\",\"logo\":{\"@type\":\"ImageObject\",\"inLanguage\":\"pt-PT\",\"@id\":\"https:\/\/wolf-cap.com\/#\/schema\/logo\/image\/\",\"url\":\"https:\/\/wolf-cap.com\/wp-content\/uploads\/2022\/04\/logo_wolf_capital_big.jpg\",\"contentUrl\":\"https:\/\/wolf-cap.com\/wp-content\/uploads\/2022\/04\/logo_wolf_capital_big.jpg\",\"width\":401,\"height\":257,\"caption\":\"Wolf Capital\"},\"image\":{\"@id\":\"https:\/\/wolf-cap.com\/#\/schema\/logo\/image\/\"},\"sameAs\":[\"https:\/\/www.instagram.com\/wolf_land_capital\/?hl=sk\",\"https:\/\/www.linkedin.com\/company\/wolf-land-capital\/\"]}]}<\/script>\n<!-- \/ Yoast SEO plugin. -->","yoast_head_json":{"title":"Hotelaria - Wolf Capital","description":"Wolf Capital Hospitality. Short-term rental properties in Portugal situated in iconic locations for the modern traveler.","robots":{"index":"index","follow":"follow","max-snippet":"max-snippet:-1","max-image-preview":"max-image-preview:large","max-video-preview":"max-video-preview:-1"},"canonical":"https:\/\/wolf-cap.com\/pt-pt\/wolf-capital-hotelaria\/","og_locale":"pt_PT","og_type":"article","og_title":"Hotelaria - Wolf Capital","og_description":"Wolf Capital Hospitality. Short-term rental properties in Portugal situated in iconic locations for the modern traveler.","og_url":"https:\/\/wolf-cap.com\/pt-pt\/wolf-capital-hotelaria\/","og_site_name":"Wolf Capital","article_modified_time":"2024-12-17T10:55:03+00:00","og_image":[{"width":1317,"height":843,"url":"https:\/\/wolf-cap.com\/wp-content\/uploads\/2022\/04\/Sharing_Logo_Wolf_Capital.jpg","type":"image\/jpeg"}],"twitter_card":"summary_large_image","twitter_misc":{"Tempo estimado de leitura":"1 minuto"},"schema":{"@context":"https:\/\/schema.org","@graph":[{"@type":"WebPage","@id":"https:\/\/wolf-cap.com\/pt-pt\/wolf-capital-hotelaria\/","url":"https:\/\/wolf-cap.com\/pt-pt\/wolf-capital-hotelaria\/","name":"Hotelaria - Wolf Capital","isPartOf":{"@id":"https:\/\/wolf-cap.com\/#website"},"datePublished":"2022-04-17T11:43:11+00:00","dateModified":"2024-12-17T10:55:03+00:00","description":"Wolf Capital Hospitality. Short-term rental properties in Portugal situated in iconic locations for the modern traveler.","breadcrumb":{"@id":"https:\/\/wolf-cap.com\/pt-pt\/wolf-capital-hotelaria\/#breadcrumb"},"inLanguage":"pt-PT","potentialAction":[{"@type":"ReadAction","target":["https:\/\/wolf-cap.com\/pt-pt\/wolf-capital-hotelaria\/"]}]},{"@type":"BreadcrumbList","@id":"https:\/\/wolf-cap.com\/pt-pt\/wolf-capital-hotelaria\/#breadcrumb","itemListElement":[{"@type":"ListItem","position":1,"name":"Home","item":"https:\/\/wolf-cap.com\/pt-pt\/"},{"@type":"ListItem","position":2,"name":"Hotelaria"}]},{"@type":"WebSite","@id":"https:\/\/wolf-cap.com\/#website","url":"https:\/\/wolf-cap.com\/","name":"Wolf Capital","description":"Boutique Property Developers","publisher":{"@id":"https:\/\/wolf-cap.com\/#organization"},"potentialAction":[{"@type":"SearchAction","target":{"@type":"EntryPoint","urlTemplate":"https:\/\/wolf-cap.com\/?s={search_term_string}"},"query-input":"required name=search_term_string"}],"inLanguage":"pt-PT"},{"@type":"Organization","@id":"https:\/\/wolf-cap.com\/#organization","name":"Wolf Capital","url":"https:\/\/wolf-cap.com\/","logo":{"@type":"ImageObject","inLanguage":"pt-PT","@id":"https:\/\/wolf-cap.com\/#\/schema\/logo\/image\/","url":"https:\/\/wolf-cap.com\/wp-content\/uploads\/2022\/04\/logo_wolf_capital_big.jpg","contentUrl":"https:\/\/wolf-cap.com\/wp-content\/uploads\/2022\/04\/logo_wolf_capital_big.jpg","width":401,"height":257,"caption":"Wolf Capital"},"image":{"@id":"https:\/\/wolf-cap.com\/#\/schema\/logo\/image\/"},"sameAs":["https:\/\/www.instagram.com\/wolf_land_capital\/?hl=sk","https:\/\/www.linkedin.com\/company\/wolf-land-capital\/"]}]}},"featured_image_src":null,"featured_image_src_square":null,"_links":{"self":[{"href":"https:\/\/wolf-cap.com\/pt-pt\/wp-json\/wp\/v2\/pages\/4883","targetHints":{"allow":["GET"]}}],"collection":[{"href":"https:\/\/wolf-cap.com\/pt-pt\/wp-json\/wp\/v2\/pages"}],"about":[{"href":"https:\/\/wolf-cap.com\/pt-pt\/wp-json\/wp\/v2\/types\/page"}],"author":[{"embeddable":true,"href":"https:\/\/wolf-cap.com\/pt-pt\/wp-json\/wp\/v2\/users\/1"}],"replies":[{"embeddable":true,"href":"https:\/\/wolf-cap.com\/pt-pt\/wp-json\/wp\/v2\/comments?post=4883"}],"version-history":[{"count":2,"href":"https:\/\/wolf-cap.com\/pt-pt\/wp-json\/wp\/v2\/pages\/4883\/revisions"}],"predecessor-version":[{"id":5267,"href":"https:\/\/wolf-cap.com\/pt-pt\/wp-json\/wp\/v2\/pages\/4883\/revisions\/5267"}],"wp:attachment":[{"href":"https:\/\/wolf-cap.com\/pt-pt\/wp-json\/wp\/v2\/media?parent=4883"}],"curies":[{"name":"wp","href":"https:\/\/api.w.org\/{rel}","templated":true}]}}