{"id":4879,"date":"2017-01-17T13:59:35","date_gmt":"2017-01-17T13:59:35","guid":{"rendered":"https:\/\/wolf-cap.com\/projetos\/"},"modified":"2024-12-17T10:56:06","modified_gmt":"2024-12-17T10:56:06","slug":"projetos","status":"publish","type":"page","link":"https:\/\/wolf-cap.com\/pt-pt\/projetos\/","title":{"rendered":"Projetos"},"content":{"rendered":"<section class=\"wpb-content-wrapper\"><p>[vc_row full_width=&#8221;stretch_row&#8221; desctop_mt=&#8221;margin-lg-145t&#8221; tablets_mt=&#8221;margin-sm-100t&#8221; css=&#8221;.vc_custom_1649948959658{background-color: #ece6e1 !important;}&#8221;][vc_column][vc_projects_posts templates=&#8221;grid&#8221; post_type=&#8221;projects&#8221; total_columns=&#8221;prague_count_col3&#8243; gap_columns=&#8221;prague_gap_col15&#8243; image_original_size=&#8221;medium_large&#8221; enable_load_more=&#8221;true&#8221; filter_type=&#8221;localiza\u00c7\u00c3o&#8221; filter=&#8221;enable&#8221; posts_per_page=&#8221;12&#8243; button_link_class=&#8221;prague-services-link a-btn-2 simple&#8221; button_span_class=&#8221;a-btn-line&#8221; pix_filter=&#8221;teste&#8221;][\/vc_column][\/vc_row][vc_row full_width=&#8221;stretch_row&#8221; desctop_pb=&#8221;padding-lg-50b&#8221; css=&#8221;.vc_custom_1649948946690{background-color: #ece6e1 !important;}&#8221;][vc_column][vc_headings title=&#8221;Localiza\u00e7\u00e3o dos Empreendimentos&#8221; btn_style=&#8221;simple&#8221;][\/vc_headings][\/vc_column][\/vc_row][vc_row full_width=&#8221;stretch_row_content_no_spaces&#8221; css=&#8221;.vc_custom_1649944783504{margin-top: 0px !important;padding-top: 0px !important;background-color: #ece6e1 !important;}&#8221;][vc_column][vc_ugm_map zoom_map=&#8221;14&#8243; map_type=&#8221;ROADMAP&#8221; language=&#8221;en_GB&#8221; zoom_control=&#8221;true&#8221; is_scroll_wheel=&#8221;true&#8221; is_dragable_map=&#8221;true&#8221; map_height=&#8221;500px&#8221; json_style=&#8221;JTVCJTdCJTIyZmVhdHVyZVR5cGUlMjIlM0ElMjJhbGwlMjIlMkMlMjJlbGVtZW50VHlwZSUyMiUzQSUyMmdlb21ldHJ5LmZpbGwlMjIlMkMlMjJzdHlsZXJzJTIyJTNBJTVCJTdCJTIyd2VpZ2h0JTIyJTNBJTIyMi4wMCUyMiU3RCU1RCU3RCUyQyU3QiUyMmZlYXR1cmVUeXBlJTIyJTNBJTIyYWxsJTIyJTJDJTIyZWxlbWVudFR5cGUlMjIlM0ElMjJnZW9tZXRyeS5zdHJva2UlMjIlMkMlMjJzdHlsZXJzJTIyJTNBJTVCJTdCJTIyY29sb3IlMjIlM0ElMjIlMjM5YzljOWMlMjIlN0QlNUQlN0QlMkMlN0IlMjJmZWF0dXJlVHlwZSUyMiUzQSUyMmFsbCUyMiUyQyUyMmVsZW1lbnRUeXBlJTIyJTNBJTIybGFiZWxzLnRleHQlMjIlMkMlMjJzdHlsZXJzJTIyJTNBJTVCJTdCJTIydmlzaWJpbGl0eSUyMiUzQSUyMm9uJTIyJTdEJTVEJTdEJTJDJTdCJTIyZmVhdHVyZVR5cGUlMjIlM0ElMjJhZG1pbmlzdHJhdGl2ZS5jb3VudHJ5JTIyJTJDJTIyZWxlbWVudFR5cGUlMjIlM0ElMjJnZW9tZXRyeS5maWxsJTIyJTJDJTIyc3R5bGVycyUyMiUzQSU1QiU3QiUyMnZpc2liaWxpdHklMjIlM0ElMjJvZmYlMjIlN0QlNUQlN0QlMkMlN0IlMjJmZWF0dXJlVHlwZSUyMiUzQSUyMmFkbWluaXN0cmF0aXZlLmNvdW50cnklMjIlMkMlMjJlbGVtZW50VHlwZSUyMiUzQSUyMmxhYmVscyUyMiUyQyUyMnN0eWxlcnMlMjIlM0ElNUIlN0IlMjJ2aXNpYmlsaXR5JTIyJTNBJTIyb2ZmJTIyJTdEJTVEJTdEJTJDJTdCJTIyZmVhdHVyZVR5cGUlMjIlM0ElMjJhZG1pbmlzdHJhdGl2ZS5wcm92aW5jZSUyMiUyQyUyMmVsZW1lbnRUeXBlJTIyJTNBJTIyZ2VvbWV0cnklMjIlMkMlMjJzdHlsZXJzJTIyJTNBJTVCJTdCJTIydmlzaWJpbGl0eSUyMiUzQSUyMm9uJTIyJTdEJTVEJTdEJTJDJTdCJTIyZmVhdHVyZVR5cGUlMjIlM0ElMjJhZG1pbmlzdHJhdGl2ZS5wcm92aW5jZSUyMiUyQyUyMmVsZW1lbnRUeXBlJTIyJTNBJTIybGFiZWxzJTIyJTJDJTIyc3R5bGVycyUyMiUzQSU1QiU3QiUyMnZpc2liaWxpdHklMjIlM0ElMjJvbiUyMiU3RCU1RCU3RCUyQyU3QiUyMmZlYXR1cmVUeXBlJTIyJTNBJTIyYWRtaW5pc3RyYXRpdmUubG9jYWxpdHklMjIlMkMlMjJlbGVtZW50VHlwZSUyMiUzQSUyMmFsbCUyMiUyQyUyMnN0eWxlcnMlMjIlM0ElNUIlN0IlMjJ2aXNpYmlsaXR5JTIyJTNBJTIyb24lMjIlN0QlNUQlN0QlMkMlN0IlMjJmZWF0dXJlVHlwZSUyMiUzQSUyMmFkbWluaXN0cmF0aXZlLmxvY2FsaXR5JTIyJTJDJTIyZWxlbWVudFR5cGUlMjIlM0ElMjJnZW9tZXRyeSUyMiUyQyUyMnN0eWxlcnMlMjIlM0ElNUIlN0IlMjJzYXR1cmF0aW9uJTIyJTNBJTIyLTQ1JTIyJTdEJTJDJTdCJTIybGlnaHRuZXNzJTIyJTNBJTIyLTYzJTIyJTdEJTVEJTdEJTJDJTdCJTIyZmVhdHVyZVR5cGUlMjIlM0ElMjJhZG1pbmlzdHJhdGl2ZS5sb2NhbGl0eSUyMiUyQyUyMmVsZW1lbnRUeXBlJTIyJTNBJTIybGFiZWxzJTIyJTJDJTIyc3R5bGVycyUyMiUzQSU1QiU3QiUyMnZpc2liaWxpdHklMjIlM0ElMjJvZmYlMjIlN0QlNUQlN0QlMkMlN0IlMjJmZWF0dXJlVHlwZSUyMiUzQSUyMmFkbWluaXN0cmF0aXZlLmxvY2FsaXR5JTIyJTJDJTIyZWxlbWVudFR5cGUlMjIlM0ElMjJsYWJlbHMudGV4dC5maWxsJTIyJTJDJTIyc3R5bGVycyUyMiUzQSU1QiU3QiUyMnNhdHVyYXRpb24lMjIlM0ElMjItMTAwJTIyJTdEJTJDJTdCJTIyY29sb3IlMjIlM0ElMjIlMjMyYzM3M2ElMjIlN0QlMkMlN0IlMjJsaWdodG5lc3MlMjIlM0ElMjItMTAwJTIyJTdEJTJDJTdCJTIyZ2FtbWElMjIlM0ElMjIwLjAwJTIyJTdEJTJDJTdCJTIyd2VpZ2h0JTIyJTNBJTIyMC4wMSUyMiU3RCUyQyU3QiUyMnZpc2liaWxpdHklMjIlM0ElMjJzaW1wbGlmaWVkJTIyJTdEJTVEJTdEJTJDJTdCJTIyZmVhdHVyZVR5cGUlMjIlM0ElMjJhZG1pbmlzdHJhdGl2ZS5uZWlnaGJvcmhvb2QlMjIlMkMlMjJlbGVtZW50VHlwZSUyMiUzQSUyMmFsbCUyMiUyQyUyMnN0eWxlcnMlMjIlM0ElNUIlN0IlMjJ2aXNpYmlsaXR5JTIyJTNBJTIyb24lMjIlN0QlNUQlN0QlMkMlN0IlMjJmZWF0dXJlVHlwZSUyMiUzQSUyMmFkbWluaXN0cmF0aXZlLm5laWdoYm9yaG9vZCUyMiUyQyUyMmVsZW1lbnRUeXBlJTIyJTNBJTIyZ2VvbWV0cnkuZmlsbCUyMiUyQyUyMnN0eWxlcnMlMjIlM0ElNUIlN0IlMjJ2aXNpYmlsaXR5JTIyJTNBJTIyb2ZmJTIyJTdEJTVEJTdEJTJDJTdCJTIyZmVhdHVyZVR5cGUlMjIlM0ElMjJhZG1pbmlzdHJhdGl2ZS5uZWlnaGJvcmhvb2QlMjIlMkMlMjJlbGVtZW50VHlwZSUyMiUzQSUyMmxhYmVscyUyMiUyQyUyMnN0eWxlcnMlMjIlM0ElNUIlN0IlMjJ2aXNpYmlsaXR5JTIyJTNBJTIyb2ZmJTIyJTdEJTVEJTdEJTJDJTdCJTIyZmVhdHVyZVR5cGUlMjIlM0ElMjJhZG1pbmlzdHJhdGl2ZS5sYW5kX3BhcmNlbCUyMiUyQyUyMmVsZW1lbnRUeXBlJTIyJTNBJTIyYWxsJTIyJTJDJTIyc3R5bGVycyUyMiUzQSU1QiU3QiUyMnZpc2liaWxpdHklMjIlM0ElMjJvbiUyMiU3RCU1RCU3RCUyQyU3QiUyMmZlYXR1cmVUeXBlJTIyJTNBJTIyYWRtaW5pc3RyYXRpdmUubGFuZF9wYXJjZWwlMjIlMkMlMjJlbGVtZW50VHlwZSUyMiUzQSUyMmdlb21ldHJ5LmZpbGwlMjIlMkMlMjJzdHlsZXJzJTIyJTNBJTVCJTdCJTIydmlzaWJpbGl0eSUyMiUzQSUyMm9mZiUyMiU3RCU1RCU3RCUyQyU3QiUyMmZlYXR1cmVUeXBlJTIyJTNBJTIyYWRtaW5pc3RyYXRpdmUubGFuZF9wYXJjZWwlMjIlMkMlMjJlbGVtZW50VHlwZSUyMiUzQSUyMmxhYmVscyUyMiUyQyUyMnN0eWxlcnMlMjIlM0ElNUIlN0IlMjJ2aXNpYmlsaXR5JTIyJTNBJTIyb2ZmJTIyJTdEJTVEJTdEJTJDJTdCJTIyZmVhdHVyZVR5cGUlMjIlM0ElMjJsYW5kc2NhcGUlMjIlMkMlMjJlbGVtZW50VHlwZSUyMiUzQSUyMmFsbCUyMiUyQyUyMnN0eWxlcnMlMjIlM0ElNUIlN0IlMjJjb2xvciUyMiUzQSUyMiUyM2YyZjJmMiUyMiU3RCUyQyU3QiUyMnZpc2liaWxpdHklMjIlM0ElMjJvbiUyMiU3RCU1RCU3RCUyQyU3QiUyMmZlYXR1cmVUeXBlJTIyJTNBJTIybGFuZHNjYXBlJTIyJTJDJTIyZWxlbWVudFR5cGUlMjIlM0ElMjJnZW9tZXRyeS5maWxsJTIyJTJDJTIyc3R5bGVycyUyMiUzQSU1QiU3QiUyMmNvbG9yJTIyJTNBJTIyJTIzZmZmZmZmJTIyJTdEJTVEJTdEJTJDJTdCJTIyZmVhdHVyZVR5cGUlMjIlM0ElMjJsYW5kc2NhcGUubWFuX21hZGUlMjIlMkMlMjJlbGVtZW50VHlwZSUyMiUzQSUyMmdlb21ldHJ5LmZpbGwlMjIlMkMlMjJzdHlsZXJzJTIyJTNBJTVCJTdCJTIyY29sb3IlMjIlM0ElMjIlMjNmZmZmZmYlMjIlN0QlNUQlN0QlMkMlN0IlMjJmZWF0dXJlVHlwZSUyMiUzQSUyMmxhbmRzY2FwZS5uYXR1cmFsJTIyJTJDJTIyZWxlbWVudFR5cGUlMjIlM0ElMjJhbGwlMjIlMkMlMjJzdHlsZXJzJTIyJTNBJTVCJTdCJTIydmlzaWJpbGl0eSUyMiUzQSUyMm9uJTIyJTdEJTVEJTdEJTJDJTdCJTIyZmVhdHVyZVR5cGUlMjIlM0ElMjJwb2klMjIlMkMlMjJlbGVtZW50VHlwZSUyMiUzQSUyMmFsbCUyMiUyQyUyMnN0eWxlcnMlMjIlM0ElNUIlN0IlMjJ2aXNpYmlsaXR5JTIyJTNBJTIyb2ZmJTIyJTdEJTVEJTdEJTJDJTdCJTIyZmVhdHVyZVR5cGUlMjIlM0ElMjJwb2klMjIlMkMlMjJlbGVtZW50VHlwZSUyMiUzQSUyMmdlb21ldHJ5JTIyJTJDJTIyc3R5bGVycyUyMiUzQSU1QiU3QiUyMnZpc2liaWxpdHklMjIlM0ElMjJvZmYlMjIlN0QlNUQlN0QlMkMlN0IlMjJmZWF0dXJlVHlwZSUyMiUzQSUyMnJvYWQlMjIlMkMlMjJlbGVtZW50VHlwZSUyMiUzQSUyMmFsbCUyMiUyQyUyMnN0eWxlcnMlMjIlM0ElNUIlN0IlMjJzYXR1cmF0aW9uJTIyJTNBLTEwMCU3RCUyQyU3QiUyMmxpZ2h0bmVzcyUyMiUzQTQ1JTdEJTJDJTdCJTIydmlzaWJpbGl0eSUyMiUzQSUyMm9uJTIyJTdEJTVEJTdEJTJDJTdCJTIyZmVhdHVyZVR5cGUlMjIlM0ElMjJyb2FkJTIyJTJDJTIyZWxlbWVudFR5cGUlMjIlM0ElMjJnZW9tZXRyeS5maWxsJTIyJTJDJTIyc3R5bGVycyUyMiUzQSU1QiU3QiUyMmNvbG9yJTIyJTNBJTIyJTIzZWVlZWVlJTIyJTdEJTVEJTdEJTJDJTdCJTIyZmVhdHVyZVR5cGUlMjIlM0ElMjJyb2FkJTIyJTJDJTIyZWxlbWVudFR5cGUlMjIlM0ElMjJsYWJlbHMudGV4dC5maWxsJTIyJTJDJTIyc3R5bGVycyUyMiUzQSU1QiU3QiUyMmNvbG9yJTIyJTNBJTIyJTIzN2I3YjdiJTIyJTdEJTVEJTdEJTJDJTdCJTIyZmVhdHVyZVR5cGUlMjIlM0ElMjJyb2FkJTIyJTJDJTIyZWxlbWVudFR5cGUlMjIlM0ElMjJsYWJlbHMudGV4dC5zdHJva2UlMjIlMkMlMjJzdHlsZXJzJTIyJTNBJTVCJTdCJTIyY29sb3IlMjIlM0ElMjIlMjNmZmZmZmYlMjIlN0QlNUQlN0QlMkMlN0IlMjJmZWF0dXJlVHlwZSUyMiUzQSUyMnJvYWQuaGlnaHdheSUyMiUyQyUyMmVsZW1lbnRUeXBlJTIyJTNBJTIyYWxsJTIyJTJDJTIyc3R5bGVycyUyMiUzQSU1QiU3QiUyMnZpc2liaWxpdHklMjIlM0ElMjJzaW1wbGlmaWVkJTIyJTdEJTVEJTdEJTJDJTdCJTIyZmVhdHVyZVR5cGUlMjIlM0ElMjJyb2FkLmFydGVyaWFsJTIyJTJDJTIyZWxlbWVudFR5cGUlMjIlM0ElMjJsYWJlbHMuaWNvbiUyMiUyQyUyMnN0eWxlcnMlMjIlM0ElNUIlN0IlMjJ2aXNpYmlsaXR5JTIyJTNBJTIyb2ZmJTIyJTdEJTVEJTdEJTJDJTdCJTIyZmVhdHVyZVR5cGUlMjIlM0ElMjJ0cmFuc2l0JTIyJTJDJTIyZWxlbWVudFR5cGUlMjIlM0ElMjJhbGwlMjIlMkMlMjJzdHlsZXJzJTIyJTNBJTVCJTdCJTIydmlzaWJpbGl0eSUyMiUzQSUyMm9mZiUyMiU3RCU1RCU3RCUyQyU3QiUyMmZlYXR1cmVUeXBlJTIyJTNBJTIyd2F0ZXIlMjIlMkMlMjJlbGVtZW50VHlwZSUyMiUzQSUyMmFsbCUyMiUyQyUyMnN0eWxlcnMlMjIlM0ElNUIlN0IlMjJjb2xvciUyMiUzQSUyMiUyMzgzODM4MyUyMiU3RCUyQyU3QiUyMnZpc2liaWxpdHklMjIlM0ElMjJvbiUyMiU3RCUyQyU3QiUyMnNhdHVyYXRpb24lMjIlM0ElMjItMTAwJTIyJTdEJTVEJTdEJTJDJTdCJTIyZmVhdHVyZVR5cGUlMjIlM0ElMjJ3YXRlciUyMiUyQyUyMmVsZW1lbnRUeXBlJTIyJTNBJTIyZ2VvbWV0cnkuZmlsbCUyMiUyQyUyMnN0eWxlcnMlMjIlM0ElNUIlN0IlMjJjb2xvciUyMiUzQSUyMiUyM2FmYzJjOCUyMiU3RCU1RCU3RCUyQyU3QiUyMmZlYXR1cmVUeXBlJTIyJTNBJTIyd2F0ZXIlMjIlMkMlMjJlbGVtZW50VHlwZSUyMiUzQSUyMmxhYmVscy50ZXh0LmZpbGwlMjIlMkMlMjJzdHlsZXJzJTIyJTNBJTVCJTdCJTIyY29sb3IlMjIlM0ElMjIlMjMwNzA3MDclMjIlN0QlNUQlN0QlMkMlN0IlMjJmZWF0dXJlVHlwZSUyMiUzQSUyMndhdGVyJTIyJTJDJTIyZWxlbWVudFR5cGUlMjIlM0ElMjJsYWJlbHMudGV4dC5zdHJva2UlMjIlMkMlMjJzdHlsZXJzJTIyJTNBJTVCJTdCJTIyY29sb3IlMjIlM0ElMjIlMjNmZmZmZmYlMjIlN0QlNUQlN0QlNUQ=&#8221;][vc_ugm_map_marker address=&#8221;R. da Atalaia 18, 1200-086 Lisboa, Portugal&#8221; marker_icon=&#8221;4080&#8243;]Atalaia 18[\/vc_ugm_map_marker][vc_ugm_map_marker address=&#8221;Tv. da Boa Hora 17, 1200-211 Lisboa, Portugal&#8221; marker_icon=&#8221;4082&#8243;]Boa Hora 17[\/vc_ugm_map_marker][vc_ugm_map_marker address=&#8221;R. Tom\u00e1s da Anuncia\u00e7\u00e3o 17, 1350-303 Lisboa, Portugal&#8221; marker_icon=&#8221;4083&#8243;]Tom\u00e1s da Anuncia\u00e7\u00e3o 17[\/vc_ugm_map_marker][vc_ugm_map_marker address=&#8221;R. do Duque 1, 1200-092 Lisboa, Portugal&#8221; marker_icon=&#8221;4084&#8243;]Duque 1[\/vc_ugm_map_marker][vc_ugm_map_marker address=&#8221;Rua da Padaria 8, 1100-585 Lisboa, Portugal&#8221; marker_icon=&#8221;4086&#8243;]Padaria 8[\/vc_ugm_map_marker][vc_ugm_map_marker address=&#8221;Cal\u00e7ada Marqu\u00eas Abrantes 62, 1200-656 Lisboa, Portugal&#8221; marker_icon=&#8221;4087&#8243;]Marqu\u00eas Abrantes 62[\/vc_ugm_map_marker][vc_ugm_map_marker address=&#8221;R. de S\u00e3o Jo\u00e3o da Pra\u00e7a 77, 1100-135 Lisboa, Portugal&#8221; marker_icon=&#8221;4088&#8243;]S\u00e3o Jo\u00e3o da Pra\u00e7a 77[\/vc_ugm_map_marker][vc_ugm_map_marker address=&#8221;R. Filipe Folque 42, 1050-114 Lisboa, Portugal&#8221; marker_icon=&#8221;4089&#8243;]Filipe Folque 42[\/vc_ugm_map_marker][vc_ugm_map_marker address=&#8221;Largo Santo Ant\u00f3nio da S\u00e9 8, 1100-534 Lisboa, Portugal&#8221; marker_icon=&#8221;4090&#8243;]Santo Ant\u00f3nio da S\u00e9 8[\/vc_ugm_map_marker][vc_ugm_map_marker address=&#8221;Rua da Boavista 152, 1200-178 Lisboa, Portugal&#8221; marker_icon=&#8221;4091&#8243;]Boavista 152[\/vc_ugm_map_marker][vc_ugm_map_marker address=&#8221;Av. Visc. de Valmor 23, 1000-290 Lisboa, Portugal&#8221; marker_icon=&#8221;4092&#8243;]Visconde de Valmor 23[\/vc_ugm_map_marker][vc_ugm_map_marker address=&#8221;Rua da Madalena 287, Lisbon, Portugal&#8221; marker_icon=&#8221;4093&#8243;]Madalena 287[\/vc_ugm_map_marker][vc_ugm_map_marker address=&#8221;R. de S\u00e3o Jo\u00e3o da Mata 34, 1200-850 Lisboa&#8221; marker_icon=&#8221;4095&#8243;]S\u00e3o Jo\u00e3o da Mata[\/vc_ugm_map_marker][vc_ugm_map_marker address=&#8221;Cal\u00e7ada de S\u00e3o Vicente 68, 1100-608 Lisboa, Portugal&#8221; marker_icon=&#8221;4096&#8243;]S\u00e3o Vicente[\/vc_ugm_map_marker][vc_ugm_map_marker address=&#8221;R. Esperan\u00e7a do Cardal 11, 1150-321 Lisboa, Portugal&#8221; marker_icon=&#8221;4097&#8243;]Esperan\u00e7a do Cardal 11[\/vc_ugm_map_marker][vc_ugm_map_marker address=&#8221;Rua dos Cordoeiros 30, 1200-012 Lisboa, Portugal&#8221; marker_icon=&#8221;4110&#8243;]Cordoeiros 30[\/vc_ugm_map_marker][vc_ugm_map_marker address=&#8221;Pra\u00e7a Ilha do Faial 12, 1000-154 Lisboa, Portugal&#8221; marker_icon=&#8221;4100&#8243;]Ilha do Faial 12[\/vc_ugm_map_marker][vc_ugm_map_marker address=&#8221;Av. Eng. Adelino Amaro da Costa, Cascais, Portugal&#8221; marker_icon=&#8221;4099&#8243;]House in Cascais[\/vc_ugm_map_marker][vc_ugm_map_marker address=&#8221;Av. Alm. Reis 246, 1900-027 Lisboa, Portugal&#8221; marker_icon=&#8221;4101&#8243;]Av. Alm. Reis 246[\/vc_ugm_map_marker][vc_ugm_map_marker address=&#8221;R. de S\u00e3o Bento 614, 1250-096 Lisboa, Portugal&#8221; marker_icon=&#8221;4102&#8243;]S\u00e3o Bento 614[\/vc_ugm_map_marker][vc_ugm_map_marker address=&#8221;R. Mouzinho da Silveira 21, 1250-011 Lisboa, Portugal&#8221; marker_icon=&#8221;4103&#8243;]Mouzinho da Silveira 21[\/vc_ugm_map_marker][vc_ugm_map_marker address=&#8221;Av. Marginal 7125, 2765-192 Estoril, Portugal&#8221; marker_icon=&#8221;4111&#8243;]Tamariz 7125[\/vc_ugm_map_marker][vc_ugm_map_marker address=&#8221;Edif\u00edcio N\u00e1utico, R. Sebasti\u00e3o Jos\u00e9 de Carvalho e Melo 2, 2750-377 Cascais, Portugal&#8221; marker_icon=&#8221;4104&#8243;]N\u00e1utico[\/vc_ugm_map_marker][vc_ugm_map_marker address=&#8221;R. Paderna, Sintra, Portugal&#8221; marker_icon=&#8221;4107&#8243;]Moradias em Sintra[\/vc_ugm_map_marker][vc_ugm_map_marker address=&#8221;R. Soto Maior, Sintra, Portugal&#8221; marker_icon=&#8221;4107&#8243;]Moradias em Sintra[\/vc_ugm_map_marker][vc_ugm_map_marker address=&#8221;Av. Heliodoro Salgado, Sintra, Portugal&#8221; marker_icon=&#8221;4107&#8243;]Moradias em Sintra[\/vc_ugm_map_marker][vc_ugm_map_marker address=&#8221;Escadinhas do Monte Estef\u00e2nia, Sintra, Portugal&#8221; marker_icon=&#8221;4107&#8243;]Moradias em Sintra[\/vc_ugm_map_marker][vc_ugm_map_marker address=&#8221;Cruzes da S\u00e9, 1100-585 Lisboa, Portugal&#8221; marker_icon=&#8221;4107&#8243;]Restaurant in S\u00e9 de Lisboa[\/vc_ugm_map_marker][vc_ugm_map_marker address=&#8221;Rua Manuel Neves Nunes de Almeida, Montijo, Portugal&#8221; marker_icon=&#8221;4105&#8243;]<\/p>\n<p style=\"text-align: center;\">Montijo Bay<br \/>\nRua Manuel Neves Nunes de Almeida<\/p>\n<p>[\/vc_ugm_map_marker][vc_ugm_map_marker address=&#8221;P22G+R9C Montijo, Portugal&#8221; marker_icon=&#8221;4105&#8243;]<\/p>\n<p style=\"text-align: center;\">Montijo Bay<br \/>\nRua Bela Vista<\/p>\n<p>[\/vc_ugm_map_marker][vc_ugm_map_marker address=&#8221;R. Bela Vista 60, Montijo, Portugal&#8221; marker_icon=&#8221;4105&#8243;]<\/p>\n<p style=\"text-align: center;\">Montijo Bay<br \/>\nRua Bela Vista<\/p>\n<p>[\/vc_ugm_map_marker][vc_ugm_map_marker address=&#8221;R. Miguel Pais 73, 2870-356 Montijo, Portugal&#8221; marker_icon=&#8221;4105&#8243;]<\/p>\n<p style=\"text-align: center;\">Montijo Bay<br \/>\nRua Miguel Pais<\/p>\n<p>[\/vc_ugm_map_marker][vc_ugm_map_marker address=&#8221;Rua Tenente Valadim, Montijo, Portugal&#8221; marker_icon=&#8221;4105&#8243;]<\/p>\n<p style=\"text-align: center;\">Montijo Bay<br \/>\nRua Tenente Valadim<\/p>\n<p>[\/vc_ugm_map_marker][\/vc_ugm_map][\/vc_column][\/vc_row][vc_section full_width=&#8221;stretch_row&#8221; css=&#8221;.vc_custom_1734367388550{padding-top: 75px !important;padding-bottom: 75px !important;background-color: #2c373a !important;}&#8221; el_class=&#8221;footer-final&#8221;][vc_row][vc_column][vc_single_image image=&#8221;4396&#8243; img_size=&#8221;50&#215;48&#8243; css=&#8221;.vc_custom_1734363016110{margin-bottom: 20px !important;}&#8221;][\/vc_column][\/vc_row][vc_row][vc_column width=&#8221;1\/4&#8243;][vc_column_text el_class=&#8221;footer-info-block-content-cols&#8221;]<a href=\"https:\/\/goo.gl\/maps\/xP9ttxM9rMdACVKX9\" target=\"_blank\" rel=\"noopener\">Rua Visconde da Luz n\u02da 13<br \/>\n2\u02da Andar 2750-425<br \/>\nCascais, Portugal<\/a><\/p>\n<p><a href=\"https:\/\/maps.app.goo.gl\/YgmaHkHq1tGddU6k6\" target=\"_blank\" rel=\"noopener\">Carretera Nacional 340, S\/N, Km 175<br \/>\nMarbella, Spain \u2013 28034<\/a>[\/vc_column_text][\/vc_column][vc_column width=&#8221;1\/4&#8243; mobile_mt=&#8221;margin-xs-40t&#8221;][vc_column_text el_class=&#8221;footer-info-block-content-cols&#8221;]<a href=\"https:\/\/wolf-cap.com\/\">In\u00edcio<\/a><br \/>\n<a href=\"https:\/\/wolf-cap.com\/pt-pt\/quem-somos\/\">Quem Somos<\/a><br \/>\n<a href=\"https:\/\/wolf-cap.com\/pt-pt\/wolf-capital-contactos\/\">Contactos<\/a>[\/vc_column_text][\/vc_column][vc_column width=&#8221;1\/4&#8243;][vc_column_text el_class=&#8221;footer-info-block-content-cols&#8221;]<a href=\"https:\/\/wolf-cap.com\/pt-pt\/projetos\/\">Projetos<\/a><br \/>\n<a href=\"https:\/\/wolf-cap.com\/pt-pt\/agricultura\/\">Agricultura<\/a><br \/>\n<a href=\"https:\/\/wolf-cap.com\/pt-pt\/wolf-capital-hotelaria\/\">Hotelaria<\/a><br \/>\n<a href=\"https:\/\/wolf-cap.com\/pt-pt\/wolf-capital-arrendamentos\/\">Arrendamentos<\/a>[\/vc_column_text][\/vc_column][vc_column width=&#8221;1\/4&#8243; mobile_mt=&#8221;margin-xs-40t&#8221;][vc_column_text el_class=&#8221;footer-info-block-content-cols&#8221;]<a href=\"tel:+351 211 627 777\">+351 211 627 777<\/a><br \/>\n<a href=\"tel:+34 951 240 361\">+34 951 240 361<\/a><br \/>\n<a href=\"mailto:info@wolf-cap.com\" target=\"_blank\" rel=\"noopener\">info@wolf-cap.com<\/a>[\/vc_column_text][vc_column_text]<\/p>\n<ul class=\"social-content\">\n<li><a href=\"https:\/\/www.instagram.com\/wolfcapital___\" target=\"_blank\" rel=\"noopener\"><br \/>\n<i class=\"fa fa-instagram\" aria-hidden=\"true\"><\/i><br \/>\n<\/a><\/li>\n<li><a href=\"https:\/\/www.linkedin.com\/company\/wolf-land-capital\/\" target=\"_blank\" rel=\"noopener\"><br \/>\n<i class=\"fa fa-linkedin\" aria-hidden=\"true\"><\/i><br \/>\n<\/a><\/li>\n<\/ul>\n<p>[\/vc_column_text][\/vc_column][\/vc_row][\/vc_section]<\/p>\n<\/section>","protected":false},"excerpt":{"rendered":"<p>[vc_row full_width=&#8221;stretch_row&#8221; desctop_mt=&#8221;margin-lg-145t&#8221; tablets_mt=&#8221;margin-sm-100t&#8221; css=&#8221;.vc_custom_1649948959658{background-color: #ece6e1 !important;}&#8221;][vc_column][vc_projects_posts templates=&#8221;grid&#8221; post_type=&#8221;projects&#8221; total_columns=&#8221;prague_count_col3&#8243; gap_columns=&#8221;prague_gap_col15&#8243; image_original_size=&#8221;medium_large&#8221; enable_load_more=&#8221;true&#8221; filter_type=&#8221;localiza\u00c7\u00c3o&#8221; filter=&#8221;enable&#8221; posts_per_page=&#8221;12&#8243; button_link_class=&#8221;prague-services-link a-btn-2 simple&#8221; button_span_class=&#8221;a-btn-line&#8221;<\/p>\n","protected":false},"author":1,"featured_media":0,"parent":0,"menu_order":0,"comment_status":"closed","ping_status":"closed","template":"","meta":{"inline_featured_image":false,"footnotes":""},"class_list":["post-4879","page","type-page","status-publish","hentry"],"yoast_head":"<!-- This site is optimized with the Yoast SEO plugin v20.6 - https:\/\/yoast.com\/wordpress\/plugins\/seo\/ -->\n<title>Projetos - Wolf Capital<\/title>\n<meta name=\"description\" content=\"Award-winning projects and property developments. Collaborated with the finest architects and constructors. N\u00e1utico, Tamariz 7125.\" \/>\n<meta name=\"robots\" content=\"index, follow, max-snippet:-1, max-image-preview:large, max-video-preview:-1\" \/>\n<link rel=\"canonical\" href=\"https:\/\/wolf-cap.com\/pt-pt\/projetos\/\" \/>\n<meta property=\"og:locale\" content=\"pt_PT\" \/>\n<meta property=\"og:type\" content=\"article\" \/>\n<meta property=\"og:title\" content=\"Projetos - Wolf Capital\" \/>\n<meta property=\"og:description\" content=\"Award-winning projects and property developments. Collaborated with the finest architects and constructors. N\u00e1utico, Tamariz 7125.\" \/>\n<meta property=\"og:url\" content=\"https:\/\/wolf-cap.com\/pt-pt\/projetos\/\" \/>\n<meta property=\"og:site_name\" content=\"Wolf Capital\" \/>\n<meta property=\"article:modified_time\" content=\"2024-12-17T10:56:06+00:00\" \/>\n<meta property=\"og:image\" content=\"https:\/\/wolf-cap.com\/wp-content\/uploads\/2022\/04\/Sharing_Logo_Wolf_Capital.jpg\" \/>\n\t<meta property=\"og:image:width\" content=\"1317\" \/>\n\t<meta property=\"og:image:height\" content=\"843\" \/>\n\t<meta property=\"og:image:type\" content=\"image\/jpeg\" \/>\n<meta name=\"twitter:card\" content=\"summary_large_image\" \/>\n<meta name=\"twitter:label1\" content=\"Tempo estimado de leitura\" \/>\n\t<meta name=\"twitter:data1\" content=\"3 minutos\" \/>\n<script type=\"application\/ld+json\" class=\"yoast-schema-graph\">{\"@context\":\"https:\/\/schema.org\",\"@graph\":[{\"@type\":\"WebPage\",\"@id\":\"https:\/\/wolf-cap.com\/pt-pt\/projetos\/\",\"url\":\"https:\/\/wolf-cap.com\/pt-pt\/projetos\/\",\"name\":\"Projetos - Wolf Capital\",\"isPartOf\":{\"@id\":\"https:\/\/wolf-cap.com\/#website\"},\"datePublished\":\"2017-01-17T13:59:35+00:00\",\"dateModified\":\"2024-12-17T10:56:06+00:00\",\"description\":\"Award-winning projects and property developments. Collaborated with the finest architects and constructors. N\u00e1utico, Tamariz 7125.\",\"breadcrumb\":{\"@id\":\"https:\/\/wolf-cap.com\/pt-pt\/projetos\/#breadcrumb\"},\"inLanguage\":\"pt-PT\",\"potentialAction\":[{\"@type\":\"ReadAction\",\"target\":[\"https:\/\/wolf-cap.com\/pt-pt\/projetos\/\"]}]},{\"@type\":\"BreadcrumbList\",\"@id\":\"https:\/\/wolf-cap.com\/pt-pt\/projetos\/#breadcrumb\",\"itemListElement\":[{\"@type\":\"ListItem\",\"position\":1,\"name\":\"Home\",\"item\":\"https:\/\/wolf-cap.com\/pt-pt\/\"},{\"@type\":\"ListItem\",\"position\":2,\"name\":\"Projetos\"}]},{\"@type\":\"WebSite\",\"@id\":\"https:\/\/wolf-cap.com\/#website\",\"url\":\"https:\/\/wolf-cap.com\/\",\"name\":\"Wolf Capital\",\"description\":\"Boutique Property Developers\",\"publisher\":{\"@id\":\"https:\/\/wolf-cap.com\/#organization\"},\"potentialAction\":[{\"@type\":\"SearchAction\",\"target\":{\"@type\":\"EntryPoint\",\"urlTemplate\":\"https:\/\/wolf-cap.com\/?s={search_term_string}\"},\"query-input\":\"required name=search_term_string\"}],\"inLanguage\":\"pt-PT\"},{\"@type\":\"Organization\",\"@id\":\"https:\/\/wolf-cap.com\/#organization\",\"name\":\"Wolf Capital\",\"url\":\"https:\/\/wolf-cap.com\/\",\"logo\":{\"@type\":\"ImageObject\",\"inLanguage\":\"pt-PT\",\"@id\":\"https:\/\/wolf-cap.com\/#\/schema\/logo\/image\/\",\"url\":\"https:\/\/wolf-cap.com\/wp-content\/uploads\/2022\/04\/logo_wolf_capital_big.jpg\",\"contentUrl\":\"https:\/\/wolf-cap.com\/wp-content\/uploads\/2022\/04\/logo_wolf_capital_big.jpg\",\"width\":401,\"height\":257,\"caption\":\"Wolf Capital\"},\"image\":{\"@id\":\"https:\/\/wolf-cap.com\/#\/schema\/logo\/image\/\"},\"sameAs\":[\"https:\/\/www.instagram.com\/wolf_land_capital\/?hl=sk\",\"https:\/\/www.linkedin.com\/company\/wolf-land-capital\/\"]}]}<\/script>\n<!-- \/ Yoast SEO plugin. -->","yoast_head_json":{"title":"Projetos - Wolf Capital","description":"Award-winning projects and property developments. Collaborated with the finest architects and constructors. N\u00e1utico, Tamariz 7125.","robots":{"index":"index","follow":"follow","max-snippet":"max-snippet:-1","max-image-preview":"max-image-preview:large","max-video-preview":"max-video-preview:-1"},"canonical":"https:\/\/wolf-cap.com\/pt-pt\/projetos\/","og_locale":"pt_PT","og_type":"article","og_title":"Projetos - Wolf Capital","og_description":"Award-winning projects and property developments. Collaborated with the finest architects and constructors. N\u00e1utico, Tamariz 7125.","og_url":"https:\/\/wolf-cap.com\/pt-pt\/projetos\/","og_site_name":"Wolf Capital","article_modified_time":"2024-12-17T10:56:06+00:00","og_image":[{"width":1317,"height":843,"url":"https:\/\/wolf-cap.com\/wp-content\/uploads\/2022\/04\/Sharing_Logo_Wolf_Capital.jpg","type":"image\/jpeg"}],"twitter_card":"summary_large_image","twitter_misc":{"Tempo estimado de leitura":"3 minutos"},"schema":{"@context":"https:\/\/schema.org","@graph":[{"@type":"WebPage","@id":"https:\/\/wolf-cap.com\/pt-pt\/projetos\/","url":"https:\/\/wolf-cap.com\/pt-pt\/projetos\/","name":"Projetos - Wolf Capital","isPartOf":{"@id":"https:\/\/wolf-cap.com\/#website"},"datePublished":"2017-01-17T13:59:35+00:00","dateModified":"2024-12-17T10:56:06+00:00","description":"Award-winning projects and property developments. Collaborated with the finest architects and constructors. N\u00e1utico, Tamariz 7125.","breadcrumb":{"@id":"https:\/\/wolf-cap.com\/pt-pt\/projetos\/#breadcrumb"},"inLanguage":"pt-PT","potentialAction":[{"@type":"ReadAction","target":["https:\/\/wolf-cap.com\/pt-pt\/projetos\/"]}]},{"@type":"BreadcrumbList","@id":"https:\/\/wolf-cap.com\/pt-pt\/projetos\/#breadcrumb","itemListElement":[{"@type":"ListItem","position":1,"name":"Home","item":"https:\/\/wolf-cap.com\/pt-pt\/"},{"@type":"ListItem","position":2,"name":"Projetos"}]},{"@type":"WebSite","@id":"https:\/\/wolf-cap.com\/#website","url":"https:\/\/wolf-cap.com\/","name":"Wolf Capital","description":"Boutique Property Developers","publisher":{"@id":"https:\/\/wolf-cap.com\/#organization"},"potentialAction":[{"@type":"SearchAction","target":{"@type":"EntryPoint","urlTemplate":"https:\/\/wolf-cap.com\/?s={search_term_string}"},"query-input":"required name=search_term_string"}],"inLanguage":"pt-PT"},{"@type":"Organization","@id":"https:\/\/wolf-cap.com\/#organization","name":"Wolf Capital","url":"https:\/\/wolf-cap.com\/","logo":{"@type":"ImageObject","inLanguage":"pt-PT","@id":"https:\/\/wolf-cap.com\/#\/schema\/logo\/image\/","url":"https:\/\/wolf-cap.com\/wp-content\/uploads\/2022\/04\/logo_wolf_capital_big.jpg","contentUrl":"https:\/\/wolf-cap.com\/wp-content\/uploads\/2022\/04\/logo_wolf_capital_big.jpg","width":401,"height":257,"caption":"Wolf Capital"},"image":{"@id":"https:\/\/wolf-cap.com\/#\/schema\/logo\/image\/"},"sameAs":["https:\/\/www.instagram.com\/wolf_land_capital\/?hl=sk","https:\/\/www.linkedin.com\/company\/wolf-land-capital\/"]}]}},"featured_image_src":null,"featured_image_src_square":null,"_links":{"self":[{"href":"https:\/\/wolf-cap.com\/pt-pt\/wp-json\/wp\/v2\/pages\/4879","targetHints":{"allow":["GET"]}}],"collection":[{"href":"https:\/\/wolf-cap.com\/pt-pt\/wp-json\/wp\/v2\/pages"}],"about":[{"href":"https:\/\/wolf-cap.com\/pt-pt\/wp-json\/wp\/v2\/types\/page"}],"author":[{"embeddable":true,"href":"https:\/\/wolf-cap.com\/pt-pt\/wp-json\/wp\/v2\/users\/1"}],"replies":[{"embeddable":true,"href":"https:\/\/wolf-cap.com\/pt-pt\/wp-json\/wp\/v2\/comments?post=4879"}],"version-history":[{"count":3,"href":"https:\/\/wolf-cap.com\/pt-pt\/wp-json\/wp\/v2\/pages\/4879\/revisions"}],"predecessor-version":[{"id":5270,"href":"https:\/\/wolf-cap.com\/pt-pt\/wp-json\/wp\/v2\/pages\/4879\/revisions\/5270"}],"wp:attachment":[{"href":"https:\/\/wolf-cap.com\/pt-pt\/wp-json\/wp\/v2\/media?parent=4879"}],"curies":[{"name":"wp","href":"https:\/\/api.w.org\/{rel}","templated":true}]}}