{"id":4868,"date":"2017-01-03T16:08:06","date_gmt":"2017-01-03T16:08:06","guid":{"rendered":"https:\/\/wolf-cap.com\/home\/"},"modified":"2024-12-17T10:54:45","modified_gmt":"2024-12-17T10:54:45","slug":"home","status":"publish","type":"page","link":"https:\/\/wolf-cap.com\/pt-pt\/","title":{"rendered":"Home"},"content":{"rendered":"<section class=\"wpb-content-wrapper\"><p>[vc_row full_width=&#8221;stretch_row_content_no_spaces&#8221;][vc_column][vc_banner_title style=&#8221;big&#8221; color_style=&#8221;light&#8221; img=&#8221;3859&#8243; style_button=&#8221;creative&#8221; enable_fullheight=&#8221;true&#8221; columns=&#8221;%5B%7B%7D%5D&#8221;][\/vc_banner_title][\/vc_column][\/vc_row][vc_row full_width=&#8221;stretch_row&#8221; desctop_mt=&#8221;margin-lg-0t&#8221; tablets_mt=&#8221;margin-sm-0t&#8221; css=&#8221;.vc_custom_1649804015579{padding-top: 30px !important;padding-bottom: 55px !important;background-color: #2c373a !important;}&#8221;][vc_column offset=&#8221;vc_col-lg-offset-3 vc_col-lg-6 vc_col-md-offset-3 vc_col-md-6 vc_col-sm-offset-0 vc_col-xs-12&#8243;][vc_headings title=&#8221;Promotora Imobili\u00e1ria em Portugal e Espanha&#8221; subtitle=&#8221;WOLF CAPITAL&#8221; align=&#8221;Center&#8221; el_class=&#8221;wolf-dark color-beije&#8221; btn_style=&#8221;simple&#8221; style_button=&#8221;creative&#8221;]Como promotores imobili\u00e1rios e investidores experientes, prezamos a nossa capacidade de antever o potencial de cada um dos nossos investimentos. Atrav\u00e9s da reabilita\u00e7\u00e3o de edif\u00edcios hist\u00f3ricos e do desenvolvimento de projetos de ra\u00edz, visamos aprimorar as comunidades e bairros onde atuamos, conservando os seus tra\u00e7os singulares.[\/vc_headings][vc_headings align=&#8221;Center&#8221; el_class=&#8221;btn-beije&#8221; button=&#8221;url:%2Fpt-pt%2Fquem-somos%2F|title:LER%20MAIS&#8221; btn_style=&#8221;creative&#8221; style_button=&#8221;creative&#8221; css=&#8221;.vc_custom_1653593681510{margin-top: 0px !important;border-top-width: 0px !important;padding-top: 0px !important;}&#8221;][\/vc_headings][\/vc_column][\/vc_row][vc_row full_width=&#8221;stretch_row&#8221; desctop_mt=&#8221;margin-lg-0t&#8221; desctop_mb=&#8221;margin-lg-0b&#8221; tablets_mt=&#8221;margin-sm-0t&#8221; tablets_mb=&#8221;margin-sm-0b&#8221; mobile_mt=&#8221;margin-xs-0t&#8221; mobile_mb=&#8221;margin-xs-0b&#8221; css=&#8221;.vc_custom_1649891443276{background-color: #ece6e1 !important;}&#8221;][vc_column][vc_headings title=&#8221;Prezamos a Qualidade&#8221; heading_size=&#8221;h2&#8243; subtitle=&#8221;OS NOSSOS PROJETOS&#8221; btn_style=&#8221;creative&#8221;][\/vc_headings][\/vc_column][\/vc_row][vc_row full_width=&#8221;stretch_row&#8221; css=&#8221;.vc_custom_1650541127194{margin-top: -35px !important;background-color: #ece6e1 !important;}&#8221;][vc_column][vc_projects_posts templates=&#8221;list&#8221; post_type=&#8221;projects&#8221; image_original_size=&#8221;full&#8221; orderby=&#8221;date&#8221; button_link_class=&#8221;prague-services-link a-btn-2 simple&#8221; button_span_class=&#8221;a-btn-line&#8221; posts_per_page=&#8221;5&#8243; pix_filter=&#8221;teste&#8221;][vc_headings align=&#8221;Center&#8221; button=&#8221;url:%2Fpt-pt%2Fprojetos%2F|title:VER%20MAIS&#8221; btn_style=&#8221;creative&#8221; color_button=&#8221;dark&#8221; style_button=&#8221;creative&#8221; css=&#8221;.vc_custom_1653593760722{margin-top: 0px !important;border-top-width: 0px !important;padding-top: 0px !important;}&#8221;][\/vc_headings][\/vc_column][\/vc_row][vc_row full_width=&#8221;stretch_row&#8221; css=&#8221;.vc_custom_1650541096726{background-color: #ece6e1 !important;}&#8221;][vc_column][vc_headings title=&#8221;Casa Solis &amp; Tamariz 7125&#8243; heading_size=&#8221;h2&#8243; subtitle=&#8221;VENDIDOS RECENTEMENTE&#8221; btn_style=&#8221;creative&#8221;][\/vc_headings][\/vc_column][\/vc_row][vc_row full_width=&#8221;stretch_row&#8221; desctop_pt=&#8221;padding-lg-30t&#8221; desctop_pb=&#8221;padding-lg-120b&#8221; tablets_pt=&#8221;padding-sm-30t&#8221; tablets_pb=&#8221;padding-sm-100b&#8221; mobile_pt=&#8221;padding-xs-30t&#8221; mobile_pb=&#8221;padding-xs-50b&#8221; css=&#8221;.vc_custom_1649892670962{background-color: #ece6e1 !important;}&#8221; el_class=&#8221;wolf&#8221;][vc_column css=&#8221;.vc_custom_1555341329303{padding-top: 0px !important;}&#8221;][vc_accordion_services items_accordion=&#8221;%5B%7B%22number%22%3A%2201.%22%2C%22title%22%3A%22Casa%22%2C%22text%22%3A%22Situada%20em%20Cascais%2C%20a%20Casa%20Solis%20encontra-se%20num%20terreno%20com%201900%20m2.%20Disp%C3%B5e%20de%206%20quartos%2C%20exteriores%20amplos%2C%20e%20interiores%20espa%C3%A7osos%20e%20cheios%20de%20luz%20-%20todos%20cuidadosamente%20desenhados%20de%20forma%20a%20permitir%20o%20m%C3%A1ximo%20aproveitamento%20da%20casa.%22%7D%2C%7B%22number%22%3A%2202.%22%2C%22title%22%3A%22Conceito%22%2C%22text%22%3A%22Tendo%20inclu%C3%ADdo%20uma%20reorganiza%C3%A7%C3%A3o%20completa%20da%20casa%20com%20o%20objetivo%20de%20harmonizar%20caracter%C3%ADsticas%20cl%C3%A1ssicas%20e%20uma%20abordagem%20moderna%2C%20o%20conceito%20arquitet%C3%B3nico%20pretendeu%20trazer%20a%20beleza%20dos%20espa%C3%A7os%20exteriores%20para%20cada%20divis%C3%A3o.%20Os%20materiais%20utilizados%20na%20casa%20foram%20cuidadosamente%20escolhidos%20a%20dedo%2C%20de%20forma%20a%20elevarem%20a%20vida%20quotidiana%20a%20um%20novo%20patamar%20de%20sofistica%C3%A7%C3%A3o.%22%7D%2C%7B%22number%22%3A%2203.%22%2C%22title%22%3A%22Caracter%C3%ADsticas%22%2C%22text%22%3A%22A%20Casa%20Solis%20disp%C3%B5e%20de%20um%20escrit%C3%B3rio%2C%20uma%20biblioteca%2C%20um%20gin%C3%A1sio%2C%20uma%20piscina%20exterior%20de%20estilo%20mediterr%C3%A2nico%2C%20uma%20adega%2C%20e%20in%C3%BAmeros%20outros%20espa%C3%A7os.%20Existe%20ainda%2C%20paralelamente%20ao%20edif%C3%ADcio%20principal%2C%20um%20apartamento%20para%20staff%20que%20pode%20ser%20facilmente%20convertido%20numa%20guest%20house.%20%5Cn%5CnDois%20brinquedos%20muito%20especiais%20(uma%20mota%20BMW%20R80%20e%20um%20Range%20Rover%20V8%20cl%C3%A1ssico)%20foram%20desenhados%20e%20personalizados%20para%20a%20Casa%20Solis%20e%20os%20seus%20habitantes%2C%20na%20esperan%C3%A7a%20de%20inspirarem%20uma%20vida%20repleta%20de%20aventuras.%22%7D%2C%7B%22number%22%3A%2204.%22%2C%22title%22%3A%22Localiza%C3%A7%C3%A3o%22%2C%22text%22%3A%22Localizada%20em%20Cascais%2C%20a%20uma%20curta%20dist%C3%A2ncia%20da%20ic%C3%B3nica%20praia%20do%20Guincho%20e%20dos%20deslumbrantes%20parques%20naturais%20de%20Sintra.%20A%20Casa%20Solis%20encontra-se%20a%20poucos%20minutos%20de%20m%C3%BAltiplas%20prestigiosas%20escolas%20internacionais%2C%20como%20a%20Carlucci%20American%20International%20School%2C%20a%20St%20Julian%E2%80%99s%20School%2C%20a%20King%E2%80%99s%20College%20School%2C%20e%20a%20Nova%20SBE.%20%22%7D%5D&#8221; btn_style=&#8221;arrow-right&#8221; title=&#8221;Um Ref\u00fagio de Luxo em Cascais&#8221; image=&#8221;5027&#8243; button=&#8221;url:https%3A%2F%2Fwolf-cap.com%2Fwp-content%2Fuploads%2F2022%2F12%2FCASA-SOLIS-brochure-online.pdf|title:VER%20PDF|target:_blank&#8221;][\/vc_column][\/vc_row][vc_row full_width=&#8221;stretch_row&#8221; desctop_pt=&#8221;padding-lg-30t&#8221; desctop_pb=&#8221;padding-lg-120b&#8221; tablets_pt=&#8221;padding-sm-30t&#8221; tablets_pb=&#8221;padding-sm-100b&#8221; mobile_pt=&#8221;padding-xs-30t&#8221; mobile_pb=&#8221;padding-xs-50b&#8221; css=&#8221;.vc_custom_1649892670962{background-color: #ece6e1 !important;}&#8221; el_class=&#8221;wolf&#8221;][vc_column css=&#8221;.vc_custom_1555341329303{padding-top: 0px !important;}&#8221;][vc_accordion_services content_position=&#8221;right&#8221; items_accordion=&#8221;%5B%7B%22number%22%3A%2201.%22%2C%22title%22%3A%22Apartmentos%22%2C%22text%22%3A%22Localizado%20no%20Estoril%2C%20o%20Tamariz%207125%20disp%C3%B5e%20de%205%20apartamentos%20T3%2C%20distribu%C3%ADdos%20por%20tr%C3%AAs%20pisos%2C%20com%20%C3%A1reas%20brutas%20entre%20131%20m2%20e%20184%20m2%2C%20planeados%20de%20forma%20a%20garantir%20o%20melhor%20estilo%20de%20vida.%22%7D%2C%7B%22number%22%3A%2202.%22%2C%22title%22%3A%22Conceito%22%2C%22text%22%3A%22O%20projeto%20focou-se%20na%20simbiose%20entre%20a%20conserva%C3%A7%C3%A3o%20do%20valor%20patrimonial%20existente%20e%20a%20introdu%C3%A7%C3%A3o%20de%20uma%20arquitetura%20contempor%C3%A2nea%20e%20sofisticada.%22%7D%2C%7B%22number%22%3A%2203.%22%2C%22title%22%3A%22Caracter%C3%ADsticas%22%2C%22text%22%3A%22Os%202%20apartamentos%20do%20r%C3%A9s-do-ch%C3%A3o%20disp%C3%B5em%20de%20jardim%20e%20piscina.%20As%20unidades%20do%201%C2%BA%20andar%20e%20a%20Penthouse%20beneficiam%20de%20uma%20soberba%20vista%20mar%C3%ADtima%20sobre%20a%20Ba%C3%ADa%20de%20Cascais.%22%7D%2C%7B%22number%22%3A%2204.%22%2C%22title%22%3A%22Localiza%C3%A7%C3%A3o%22%2C%22text%22%3A%22A%2025%20min%20de%20Lisboa%2C%20a%205%20min%20de%20carro%20de%20Cascais%20e%20a%2050%20metros%20da%20deslumbrante%20praia%20do%20Tamariz.%20O%20Tamariz%207125%20encontra-se%20a%20poucos%20minutos%20de%20escolas%20de%20prest%C3%ADgio%20como%20a%20St%20Julian%E2%80%99s%20School%20e%20a%20Nova%20School%20of%20Business%20and%20Economics.%22%7D%5D&#8221; btn_style=&#8221;arrow-right&#8221; title=&#8221;Um Ref\u00fagio \u00e0 Beira-Mar no Estoril&#8221; image=&#8221;2879&#8243; button=&#8221;url:%2Fwp-content%2Fuploads%2F2022%2F04%2FTamariz.pdf|title:VER%20PDF|target:_blank&#8221;][\/vc_column][\/vc_row][vc_row full_width=&#8221;stretch_row&#8221; css=&#8221;.vc_custom_1649866078506{background-color: #ece6e1 !important;}&#8221;][vc_column][vc_headings title=&#8221;Montijo Bay&#8221; subtitle=&#8221;EM DESENVOLVIMENTO&#8221; btn_style=&#8221;creative&#8221; css=&#8221;.vc_custom_1653427497418{padding-top: 0px !important;padding-bottom: 0px !important;}&#8221;][\/vc_headings][\/vc_column][\/vc_row][vc_row full_width=&#8221;stretch_row&#8221; css=&#8221;.vc_custom_1649893004242{padding-bottom: 30px !important;background-color: #ece6e1 !important;}&#8221;][vc_column width=&#8221;1\/2&#8243;][vc_column_text]Localizado na margem sul do rio Tejo, orientado para o centro da cidade de Lisboa, o projeto Montijo Bay \u00e9 uma oportunidade a reter.[\/vc_column_text][\/vc_column][vc_column width=&#8221;1\/2&#8243; el_class=&#8221;pt-0-mobile&#8221;][vc_column_text]A apenas 20 minutos de carro ou de barco de Lisboa, este empreendimento de uso misto oferece um estilo de vida inigual\u00e1vel.<\/p>\n<p>&nbsp;<\/p>\n<p>[\/vc_column_text][\/vc_column][\/vc_row][vc_row full_width=&#8221;stretch_row_content_no_spaces&#8221; css=&#8221;.vc_custom_1649866252234{background-color: #ece6e1 !important;}&#8221;][vc_column][vc_single_image image=&#8221;5057&#8243; img_size=&#8221;full&#8221; alignment=&#8221;center&#8221;][vc_headings align=&#8221;Center&#8221; button=&#8221;url:%2Fpt-pt%2Fprojects-item%2Fmontijo-bay%2F|title:LER%20MAIS&#8221; btn_style=&#8221;creative&#8221; color_button=&#8221;dark&#8221; style_button=&#8221;creative&#8221; css=&#8221;.vc_custom_1653594068513{margin-top: 0px !important;border-top-width: 0px !important;padding-top: 0px !important;}&#8221;][\/vc_headings][\/vc_column][\/vc_row][vc_row full_width=&#8221;stretch_row&#8221; desctop_mb=&#8221;margin-lg-0b&#8221; desctop_pt=&#8221;padding-lg-20t&#8221; desctop_pb=&#8221;padding-lg-95b&#8221; css=&#8221;.vc_custom_1651598558634{background-color: #ece6e1 !important;}&#8221;][vc_column width=&#8221;1\/2&#8243;][vc_single_image image=&#8221;2881&#8243; img_size=&#8221;full&#8221;][\/vc_column][vc_column width=&#8221;1\/2&#8243;][vc_headings title=&#8221;Porqu\u00ea Portugal?&#8221; heading_size=&#8221;h3&#8243; subtitle=&#8221;NOT\u00cdCIAS&#8221; el_class=&#8221;wolf-btn&#8221; button=&#8221;url:%2Fpt-pt%2Fportugal%2F|title:LER%20MAIS&#8221; btn_style=&#8221;arrow-right&#8221; color_button=&#8221;dark&#8221; css=&#8221;.vc_custom_1653593903081{padding-right: 50px !important;padding-left: 50px !important;}&#8221;]A beleza natural de Portugal, oferta gastron\u00f3mica e qualidade de vida inigual\u00e1vel est\u00e3o a atrair toda uma nova gera\u00e7\u00e3o de viajantes e emigrantes. Em 2021, Portugal foi eleito o Melhor Pa\u00eds do Mundo pela Cond\u00e9 Nast.[\/vc_headings][\/vc_column][\/vc_row][vc_row full_width=&#8221;stretch_row_content_no_spaces&#8221; tablets_mt=&#8221;margin-sm-0t&#8221;][vc_column desctop_mt=&#8221;margin-lg-0t&#8221; desctop_pt=&#8221;padding-lg-0t&#8221; css=&#8221;.vc_custom_1649874723498{margin-top: 0px !important;padding-top: 0px !important;}&#8221;][vc_wrapper title=&#8221;Pr\u00e9mios&#8221; subtitle=&#8221;N\u00c1UTICO&#8221; image=&#8221;2877&#8243; color_style=&#8221;light&#8221;][vc_row_inner content_placement=&#8221;middle&#8221; el_id=&#8221;awards&#8221;][vc_column_inner width=&#8221;1\/3&#8243; offset=&#8221;vc_col-md-3&#8243;][vc_clients clients_style=&#8221;default_style&#8221; image=&#8221;3036&#8243; link=&#8221;url:https%3A%2F%2Fwww.loopdesignawards.com%2Fproject%2Fedificio-nautico%2F|title:VISITE%20O%20SITE|target:_blank&#8221;][\/vc_column_inner][vc_column_inner width=&#8221;1\/3&#8243; offset=&#8221;vc_col-md-3&#8243;][vc_clients clients_style=&#8221;default_style&#8221; image=&#8221;3035&#8243; link=&#8221;url:http%3A%2F%2Fpremiosmagazineimobiliario.com%2Fpremio%23p8151274141212151589|title:VISITE%20O%20SITE&#8221;][\/vc_column_inner][vc_column_inner width=&#8221;1\/3&#8243; offset=&#8221;vc_col-md-3&#8243;][vc_clients clients_style=&#8221;default_style&#8221; image=&#8221;3037&#8243; link=&#8221;url:https%3A%2F%2Fwww.goldtrezzini.ru%2Fen%2F2021winners%2F|title:VISITE%20O%20SITE&#8221;][\/vc_column_inner][\/vc_row_inner][\/vc_wrapper][\/vc_column][\/vc_row][vc_row full_width=&#8221;stretch_row&#8221; desctop_pt=&#8221;padding-lg-70t&#8221; desctop_pb=&#8221;padding-lg-140b&#8221; tablets_pt=&#8221;padding-sm-20t&#8221; tablets_pb=&#8221;padding-sm-60b&#8221; mobile_pt=&#8221;padding-xs-0t&#8221; mobile_pb=&#8221;padding-xs-20b&#8221; css=&#8221;.vc_custom_1649802826605{background-image: url(https:\/\/wolf-cap.com\/wp-content\/uploads\/2022\/04\/wolf-capital-sketch-project-development.png?id=2883) !important;background-position: center !important;background-repeat: no-repeat !important;background-size: cover !important;}&#8221;][vc_column css=&#8221;.vc_custom_1555403756307{padding-top: 20px !important;}&#8221;][vc_headings title=&#8221;Gostou do que viu?&#8221; subtitle=&#8221;VENHA CONHECER-NOS&#8221; align=&#8221;Center&#8221; button=&#8221;url:%2Fpt-pt%2Fwolf-capital-contactos%2F|title:ENTRE%20EM%20CONTACTO&#8221; btn_style=&#8221;creative&#8221; color_button=&#8221;dark&#8221; style_button=&#8221;creative&#8221;][\/vc_headings][\/vc_column][\/vc_row][vc_section full_width=&#8221;stretch_row&#8221; css=&#8221;.vc_custom_1734367238512{padding-top: 75px !important;padding-bottom: 75px !important;background-color: #2c373a !important;}&#8221; el_class=&#8221;footer-final&#8221;][vc_row][vc_column][vc_single_image image=&#8221;4396&#8243; img_size=&#8221;50&#215;48&#8243; css=&#8221;.vc_custom_1734363016110{margin-bottom: 20px !important;}&#8221;][\/vc_column][\/vc_row][vc_row][vc_column width=&#8221;1\/4&#8243;][vc_column_text el_class=&#8221;footer-info-block-content-cols&#8221;]<a href=\"https:\/\/goo.gl\/maps\/xP9ttxM9rMdACVKX9\" target=\"_blank\" rel=\"noopener\">Rua Visconde da Luz n\u02da 13<br \/>\n2\u02da Andar 2750-425<br \/>\nCascais, Portugal<\/a><\/p>\n<p><a href=\"https:\/\/maps.app.goo.gl\/YgmaHkHq1tGddU6k6\" target=\"_blank\" rel=\"noopener\">Carretera Nacional 340, S\/N, Km 175<br \/>\nMarbella, Spain \u2013 28034<\/a>[\/vc_column_text][\/vc_column][vc_column width=&#8221;1\/4&#8243; mobile_mt=&#8221;margin-xs-40t&#8221;][vc_column_text el_class=&#8221;footer-info-block-content-cols&#8221;]<a href=\"https:\/\/wolf-cap.com\/\">In\u00edcio<\/a><br \/>\n<a href=\"https:\/\/wolf-cap.com\/pt-pt\/quem-somos\/\">Quem Somos<\/a><br \/>\n<a href=\"https:\/\/wolf-cap.com\/pt-pt\/wolf-capital-contactos\/\">Contactos<\/a>[\/vc_column_text][\/vc_column][vc_column width=&#8221;1\/4&#8243;][vc_column_text el_class=&#8221;footer-info-block-content-cols&#8221;]<a href=\"https:\/\/wolf-cap.com\/pt-pt\/projetos\/\">Projetos<\/a><br \/>\n<a href=\"https:\/\/wolf-cap.com\/pt-pt\/agricultura\/\">Agricultura<\/a><br \/>\n<a href=\"https:\/\/wolf-cap.com\/pt-pt\/wolf-capital-hotelaria\/\">Hotelaria<\/a><br \/>\n<a href=\"https:\/\/wolf-cap.com\/pt-pt\/wolf-capital-arrendamentos\/\">Arrendamentos<\/a>[\/vc_column_text][\/vc_column][vc_column width=&#8221;1\/4&#8243; mobile_mt=&#8221;margin-xs-40t&#8221;][vc_column_text el_class=&#8221;footer-info-block-content-cols&#8221;]<a href=\"tel:+351 211 627 777\">+351 211 627 777<\/a><br \/>\n<a href=\"tel:+34 951 240 361\">+34 951 240 361<\/a><br \/>\n<a href=\"mailto:info@wolf-cap.com\" target=\"_blank\" rel=\"noopener\">info@wolf-cap.com<\/a>[\/vc_column_text][vc_column_text]<\/p>\n<ul class=\"social-content\">\n<li><a href=\"https:\/\/www.instagram.com\/wolfcapital___\" target=\"_blank\" rel=\"noopener\"><br \/>\n<i class=\"fa fa-instagram\" aria-hidden=\"true\"><\/i><br \/>\n<\/a><\/li>\n<li><a href=\"https:\/\/www.linkedin.com\/company\/wolf-land-capital\/\" target=\"_blank\" rel=\"noopener\"><br \/>\n<i class=\"fa fa-linkedin\" aria-hidden=\"true\"><\/i><br \/>\n<\/a><\/li>\n<\/ul>\n<p>[\/vc_column_text][\/vc_column][\/vc_row][\/vc_section]<\/p>\n<\/section>","protected":false},"excerpt":{"rendered":"<p>[vc_row full_width=&#8221;stretch_row_content_no_spaces&#8221;][vc_column][vc_banner_title style=&#8221;big&#8221; color_style=&#8221;light&#8221; img=&#8221;3859&#8243; style_button=&#8221;creative&#8221; enable_fullheight=&#8221;true&#8221; columns=&#8221;%5B%7B%7D%5D&#8221;][\/vc_banner_title][\/vc_column][\/vc_row][vc_row full_width=&#8221;stretch_row&#8221; desctop_mt=&#8221;margin-lg-0t&#8221; tablets_mt=&#8221;margin-sm-0t&#8221; css=&#8221;.vc_custom_1649804015579{padding-top: 30px !important;padding-bottom: 55px !important;background-color: #2c373a !important;}&#8221;][vc_column offset=&#8221;vc_col-lg-offset-3 vc_col-lg-6<\/p>\n","protected":false},"author":1,"featured_media":0,"parent":0,"menu_order":0,"comment_status":"closed","ping_status":"closed","template":"","meta":{"inline_featured_image":false,"footnotes":""},"class_list":["post-4868","page","type-page","status-publish","hentry"],"yoast_head":"<!-- This site is optimized with the Yoast SEO plugin v20.6 - https:\/\/yoast.com\/wordpress\/plugins\/seo\/ -->\n<title>Home - Wolf Capital<\/title>\n<meta name=\"description\" content=\"Boutique property developers in Portugal with experience across property development, finance, legal, architecture and sales.\" \/>\n<meta name=\"robots\" content=\"index, follow, max-snippet:-1, max-image-preview:large, max-video-preview:-1\" \/>\n<link rel=\"canonical\" href=\"https:\/\/wolf-cap.com\/pt-pt\/\" \/>\n<meta property=\"og:locale\" content=\"pt_PT\" \/>\n<meta property=\"og:type\" content=\"article\" \/>\n<meta property=\"og:title\" content=\"Home - Wolf Capital\" \/>\n<meta property=\"og:description\" content=\"Boutique property developers in Portugal with experience across property development, finance, legal, architecture and sales.\" \/>\n<meta property=\"og:url\" content=\"https:\/\/wolf-cap.com\/pt-pt\/\" \/>\n<meta property=\"og:site_name\" content=\"Wolf Capital\" \/>\n<meta property=\"article:modified_time\" content=\"2024-12-17T10:54:45+00:00\" \/>\n<meta property=\"og:image\" content=\"https:\/\/wolf-cap.com\/wp-content\/uploads\/2022\/04\/Sharing_Logo_Wolf_Capital.jpg\" \/>\n\t<meta property=\"og:image:width\" content=\"1317\" \/>\n\t<meta property=\"og:image:height\" content=\"843\" \/>\n\t<meta property=\"og:image:type\" content=\"image\/jpeg\" \/>\n<meta name=\"twitter:card\" content=\"summary_large_image\" \/>\n<meta name=\"twitter:label1\" content=\"Tempo estimado de leitura\" \/>\n\t<meta name=\"twitter:data1\" content=\"3 minutos\" \/>\n<script type=\"application\/ld+json\" class=\"yoast-schema-graph\">{\"@context\":\"https:\/\/schema.org\",\"@graph\":[{\"@type\":\"WebPage\",\"@id\":\"https:\/\/wolf-cap.com\/pt-pt\/\",\"url\":\"https:\/\/wolf-cap.com\/pt-pt\/\",\"name\":\"Home - Wolf Capital\",\"isPartOf\":{\"@id\":\"https:\/\/wolf-cap.com\/#website\"},\"datePublished\":\"2017-01-03T16:08:06+00:00\",\"dateModified\":\"2024-12-17T10:54:45+00:00\",\"description\":\"Boutique property developers in Portugal with experience across property development, finance, legal, architecture and sales.\",\"breadcrumb\":{\"@id\":\"https:\/\/wolf-cap.com\/pt-pt\/#breadcrumb\"},\"inLanguage\":\"pt-PT\",\"potentialAction\":[{\"@type\":\"ReadAction\",\"target\":[\"https:\/\/wolf-cap.com\/pt-pt\/\"]}]},{\"@type\":\"BreadcrumbList\",\"@id\":\"https:\/\/wolf-cap.com\/pt-pt\/#breadcrumb\",\"itemListElement\":[{\"@type\":\"ListItem\",\"position\":1,\"name\":\"Home\",\"item\":\"https:\/\/wolf-cap.com\/pt-pt\/\"},{\"@type\":\"ListItem\",\"position\":2,\"name\":\"Home\"}]},{\"@type\":\"WebSite\",\"@id\":\"https:\/\/wolf-cap.com\/#website\",\"url\":\"https:\/\/wolf-cap.com\/\",\"name\":\"Wolf Capital\",\"description\":\"Boutique Property Developers\",\"publisher\":{\"@id\":\"https:\/\/wolf-cap.com\/#organization\"},\"potentialAction\":[{\"@type\":\"SearchAction\",\"target\":{\"@type\":\"EntryPoint\",\"urlTemplate\":\"https:\/\/wolf-cap.com\/?s={search_term_string}\"},\"query-input\":\"required name=search_term_string\"}],\"inLanguage\":\"pt-PT\"},{\"@type\":\"Organization\",\"@id\":\"https:\/\/wolf-cap.com\/#organization\",\"name\":\"Wolf Capital\",\"url\":\"https:\/\/wolf-cap.com\/\",\"logo\":{\"@type\":\"ImageObject\",\"inLanguage\":\"pt-PT\",\"@id\":\"https:\/\/wolf-cap.com\/#\/schema\/logo\/image\/\",\"url\":\"https:\/\/wolf-cap.com\/wp-content\/uploads\/2022\/04\/logo_wolf_capital_big.jpg\",\"contentUrl\":\"https:\/\/wolf-cap.com\/wp-content\/uploads\/2022\/04\/logo_wolf_capital_big.jpg\",\"width\":401,\"height\":257,\"caption\":\"Wolf Capital\"},\"image\":{\"@id\":\"https:\/\/wolf-cap.com\/#\/schema\/logo\/image\/\"},\"sameAs\":[\"https:\/\/www.instagram.com\/wolf_land_capital\/?hl=sk\",\"https:\/\/www.linkedin.com\/company\/wolf-land-capital\/\"]}]}<\/script>\n<!-- \/ Yoast SEO plugin. -->","yoast_head_json":{"title":"Home - Wolf Capital","description":"Boutique property developers in Portugal with experience across property development, finance, legal, architecture and sales.","robots":{"index":"index","follow":"follow","max-snippet":"max-snippet:-1","max-image-preview":"max-image-preview:large","max-video-preview":"max-video-preview:-1"},"canonical":"https:\/\/wolf-cap.com\/pt-pt\/","og_locale":"pt_PT","og_type":"article","og_title":"Home - Wolf Capital","og_description":"Boutique property developers in Portugal with experience across property development, finance, legal, architecture and sales.","og_url":"https:\/\/wolf-cap.com\/pt-pt\/","og_site_name":"Wolf Capital","article_modified_time":"2024-12-17T10:54:45+00:00","og_image":[{"width":1317,"height":843,"url":"https:\/\/wolf-cap.com\/wp-content\/uploads\/2022\/04\/Sharing_Logo_Wolf_Capital.jpg","type":"image\/jpeg"}],"twitter_card":"summary_large_image","twitter_misc":{"Tempo estimado de leitura":"3 minutos"},"schema":{"@context":"https:\/\/schema.org","@graph":[{"@type":"WebPage","@id":"https:\/\/wolf-cap.com\/pt-pt\/","url":"https:\/\/wolf-cap.com\/pt-pt\/","name":"Home - Wolf Capital","isPartOf":{"@id":"https:\/\/wolf-cap.com\/#website"},"datePublished":"2017-01-03T16:08:06+00:00","dateModified":"2024-12-17T10:54:45+00:00","description":"Boutique property developers in Portugal with experience across property development, finance, legal, architecture and sales.","breadcrumb":{"@id":"https:\/\/wolf-cap.com\/pt-pt\/#breadcrumb"},"inLanguage":"pt-PT","potentialAction":[{"@type":"ReadAction","target":["https:\/\/wolf-cap.com\/pt-pt\/"]}]},{"@type":"BreadcrumbList","@id":"https:\/\/wolf-cap.com\/pt-pt\/#breadcrumb","itemListElement":[{"@type":"ListItem","position":1,"name":"Home","item":"https:\/\/wolf-cap.com\/pt-pt\/"},{"@type":"ListItem","position":2,"name":"Home"}]},{"@type":"WebSite","@id":"https:\/\/wolf-cap.com\/#website","url":"https:\/\/wolf-cap.com\/","name":"Wolf Capital","description":"Boutique Property Developers","publisher":{"@id":"https:\/\/wolf-cap.com\/#organization"},"potentialAction":[{"@type":"SearchAction","target":{"@type":"EntryPoint","urlTemplate":"https:\/\/wolf-cap.com\/?s={search_term_string}"},"query-input":"required name=search_term_string"}],"inLanguage":"pt-PT"},{"@type":"Organization","@id":"https:\/\/wolf-cap.com\/#organization","name":"Wolf Capital","url":"https:\/\/wolf-cap.com\/","logo":{"@type":"ImageObject","inLanguage":"pt-PT","@id":"https:\/\/wolf-cap.com\/#\/schema\/logo\/image\/","url":"https:\/\/wolf-cap.com\/wp-content\/uploads\/2022\/04\/logo_wolf_capital_big.jpg","contentUrl":"https:\/\/wolf-cap.com\/wp-content\/uploads\/2022\/04\/logo_wolf_capital_big.jpg","width":401,"height":257,"caption":"Wolf Capital"},"image":{"@id":"https:\/\/wolf-cap.com\/#\/schema\/logo\/image\/"},"sameAs":["https:\/\/www.instagram.com\/wolf_land_capital\/?hl=sk","https:\/\/www.linkedin.com\/company\/wolf-land-capital\/"]}]}},"featured_image_src":null,"featured_image_src_square":null,"_links":{"self":[{"href":"https:\/\/wolf-cap.com\/pt-pt\/wp-json\/wp\/v2\/pages\/4868","targetHints":{"allow":["GET"]}}],"collection":[{"href":"https:\/\/wolf-cap.com\/pt-pt\/wp-json\/wp\/v2\/pages"}],"about":[{"href":"https:\/\/wolf-cap.com\/pt-pt\/wp-json\/wp\/v2\/types\/page"}],"author":[{"embeddable":true,"href":"https:\/\/wolf-cap.com\/pt-pt\/wp-json\/wp\/v2\/users\/1"}],"replies":[{"embeddable":true,"href":"https:\/\/wolf-cap.com\/pt-pt\/wp-json\/wp\/v2\/comments?post=4868"}],"version-history":[{"count":3,"href":"https:\/\/wolf-cap.com\/pt-pt\/wp-json\/wp\/v2\/pages\/4868\/revisions"}],"predecessor-version":[{"id":5266,"href":"https:\/\/wolf-cap.com\/pt-pt\/wp-json\/wp\/v2\/pages\/4868\/revisions\/5266"}],"wp:attachment":[{"href":"https:\/\/wolf-cap.com\/pt-pt\/wp-json\/wp\/v2\/media?parent=4868"}],"curies":[{"name":"wp","href":"https:\/\/api.w.org\/{rel}","templated":true}]}}